{"id":2106,"date":"2017-09-20T09:19:08","date_gmt":"2017-09-20T09:19:08","guid":{"rendered":"https:\/\/pre.mc-mutual.3ip.eu\/home-1\/"},"modified":"2024-12-12T13:33:19","modified_gmt":"2024-12-12T13:33:19","slug":"home-1","status":"publish","type":"page","link":"https:\/\/mcm-dev.host3ip.eu\/ca\/","title":{"rendered":"Inici"},"content":{"rendered":"<p>[vc_row][vc_column][layerslider_vc id=&#8221;3&#8243;][\/vc_column][\/vc_row][vc_row full_width=&#8221;stretch_row&#8221; css=&#8221;.vc_custom_1615465948786{padding-top: 85px !important;padding-bottom: 100px !important;background-image: url(http:\/\/localhost\/wp-prevencio-mcmutual\/wp-content\/uploads\/2018\/01\/student4.jpg?id=1496) !important;background-position: center !important;background-repeat: no-repeat !important;background-size: cover !important;}&#8221; el_id=&#8221;accesoCampus&#8221;][vc_column width=&#8221;3\/4&#8243; offset=&#8221;vc_col-lg-6 vc_col-md-6&#8243;]<div class=\"rt-vc-text-title  style3\" style=\"\">\n\t\t\t<h2 class=\"rtin-title\">Benvingut al nostre Campus<\/h2>\n\t\t\t\t<p class=\"rtin-content\">MC MUTUAL aposta per la promoci\u00f3 de la <strong>prevenci\u00f3 de riscos laborals i la reducci\u00f3 de la sinistralitat laboral<\/strong>, mitjan\u00e7ant accions de divulgaci\u00f3, educaci\u00f3, sensibilitzaci\u00f3 i conscienciaci\u00f3 en mat\u00e8ria de seguretat i salut que ajuden a les persones a treballar de forma segura al seu lloc de treball.<\/p>\n<p>La nostra <strong>missi\u00f3<\/strong> \u00e9s tenir cura de la salut laboral de les persones, de forma responsable.<\/p>\n<div class=\"rtin-btn\"><a href=\"https:\/\/formacion.campus-mcmutual.com\/login\/index.php?lang=ca_wp\">Accedeix al campus<\/a><\/div>\n<p><\/p>\n\t\t<\/div>[\/vc_column][vc_column width=&#8221;1\/4&#8243; offset=&#8221;vc_col-lg-6 vc_col-md-6&#8243;][\/vc_column][\/vc_row][vc_row full_width=&#8221;stretch_row&#8221; css=&#8221;.vc_custom_1614596314350{padding-top: 55px !important;padding-bottom: 70px !important;background-color: #f5f5f5 !important;}&#8221; el_id=&#8221;cursos-destacats&#8221;][vc_column]<div class=\"rt-vc-text-title  style2\" style=\"\">\n\t\t\t<h2 class=\"rtin-title\">Cursos destacats<\/h2>\n\t\t\t<\/div><div class=\"rt-vc-text-title vc_custom_1705576199682 style3\" style=\"\">\n\t\t\t\t<p class=\"rtin-content\"><\/p>\n<div class=\"rt-vc-text-title vc_custom_1614007327755 style3\">\n<div class=\"rtin-btn\"><a href=\"https:\/\/mcm-dev.host3ip.eu\/wp-content\/uploads\/2024\/12\/Catalogo-de-Actividades-Educativas-Campus-online-Catalan-1.pdf\">Descarregar cat\u00e0leg<\/a><\/div>\n<\/div>\n<p><\/p>\n\t\t<\/div><div class=\"woocommerce columns-4 \"><ul class=\"products columns-4\">\n<li class=\"product type-product post-2200 status-publish first instock product_cat-gestion-de-la-prl-ca has-post-thumbnail virtual sold-individually purchasable product-type-simple\">\n\t<div class=\"product-thumb-area\">\n\t<a href=\"https:\/\/mcm-dev.host3ip.eu\/ca\/product\/autogestio-de-la-prevencio\/\"><img loading=\"lazy\" decoding=\"async\" width=\"300\" height=\"300\" src=\"https:\/\/mcm-dev.host3ip.eu\/wp-content\/uploads\/2021\/02\/109-300x300.jpg\" class=\"attachment-shop_catalog size-shop_catalog wp-post-image\" alt=\"Smiling waiter standing with arms crossed in caf\u00c3\u00a9\" srcset=\"https:\/\/mcm-dev.host3ip.eu\/wp-content\/uploads\/2021\/02\/109-300x300.jpg 300w, https:\/\/mcm-dev.host3ip.eu\/wp-content\/uploads\/2021\/02\/109-150x150.jpg 150w, https:\/\/mcm-dev.host3ip.eu\/wp-content\/uploads\/2021\/02\/109-92x92.jpg 92w, https:\/\/mcm-dev.host3ip.eu\/wp-content\/uploads\/2021\/02\/109-200x200.jpg 200w\" sizes=\"auto, (max-width: 300px) 100vw, 300px\" \/><\/a>\t<div class=\"overlay\"><\/div>\n\t<div class=\"product-info\">\n\t\t<ul>\n\t\t\t<li><a rel=\"nofollow\" href=\"\/ca\/wp-json\/wp\/v2\/pages\/2106?add-to-cart=2200\" data-quantity=\"1\" data-product_id=\"2200\" data-product_sku=\"\" class=\"fa fa-shopping-cart button product_type_simple add_to_cart_button ajax_add_to_cart\" aria-label=\"Autogesti\u00f3 de la prevenci\u00f3\"><\/a><\/li>\n\t\t\t            \t\t<\/ul>\n\t<\/div>\n<\/div><div class=\"product-info-area\"><h3><a href=\"https:\/\/mcm-dev.host3ip.eu\/ca\/product\/autogestio-de-la-prevencio\/\" class=\"woocommerce-LoopProduct-link\">Autogesti\u00f3 de la prevenci\u00f3<\/a><\/h3>\n<\/div><div class=\"clear\"><\/div><\/li>\n<li class=\"product type-product post-2231 status-publish instock product_cat-psicosociologia-aplicada-ca has-post-thumbnail virtual sold-individually purchasable product-type-simple\">\n\t<div class=\"product-thumb-area\">\n\t<a href=\"https:\/\/mcm-dev.host3ip.eu\/ca\/product\/gestio-de-conflictes\/\"><img loading=\"lazy\" decoding=\"async\" width=\"300\" height=\"300\" src=\"https:\/\/mcm-dev.host3ip.eu\/wp-content\/uploads\/2021\/02\/405-300x300.jpg\" class=\"attachment-shop_catalog size-shop_catalog wp-post-image\" alt=\"Business partners handshaking at group meeting making project in\" srcset=\"https:\/\/mcm-dev.host3ip.eu\/wp-content\/uploads\/2021\/02\/405-300x300.jpg 300w, https:\/\/mcm-dev.host3ip.eu\/wp-content\/uploads\/2021\/02\/405-150x150.jpg 150w, https:\/\/mcm-dev.host3ip.eu\/wp-content\/uploads\/2021\/02\/405-92x92.jpg 92w, https:\/\/mcm-dev.host3ip.eu\/wp-content\/uploads\/2021\/02\/405-200x200.jpg 200w\" sizes=\"auto, (max-width: 300px) 100vw, 300px\" \/><\/a>\t<div class=\"overlay\"><\/div>\n\t<div class=\"product-info\">\n\t\t<ul>\n\t\t\t<li><a rel=\"nofollow\" href=\"\/ca\/wp-json\/wp\/v2\/pages\/2106?add-to-cart=2231\" data-quantity=\"1\" data-product_id=\"2231\" data-product_sku=\"\" class=\"fa fa-shopping-cart button product_type_simple add_to_cart_button ajax_add_to_cart\" aria-label=\"Gesti\u00f3 de conflictes\"><\/a><\/li>\n\t\t\t            \t\t<\/ul>\n\t<\/div>\n<\/div><div class=\"product-info-area\"><h3><a href=\"https:\/\/mcm-dev.host3ip.eu\/ca\/product\/gestio-de-conflictes\/\" class=\"woocommerce-LoopProduct-link\">Gesti\u00f3 de conflictes<\/a><\/h3>\n<\/div><div class=\"clear\"><\/div><\/li>\n<li class=\"product type-product post-2179 status-publish instock product_cat-ergonomia-ca has-post-thumbnail virtual sold-individually purchasable product-type-simple\">\n\t<div class=\"product-thumb-area\">\n\t<a href=\"https:\/\/mcm-dev.host3ip.eu\/ca\/product\/teletreball-saludable\/\"><img loading=\"lazy\" decoding=\"async\" width=\"300\" height=\"300\" src=\"https:\/\/mcm-dev.host3ip.eu\/wp-content\/uploads\/2021\/02\/307-300x300.jpg\" class=\"attachment-shop_catalog size-shop_catalog wp-post-image\" alt=\"modern young handsome man in casual outfit sitting at table working on laptop, freelancer at home, view from back\" srcset=\"https:\/\/mcm-dev.host3ip.eu\/wp-content\/uploads\/2021\/02\/307-300x300.jpg 300w, https:\/\/mcm-dev.host3ip.eu\/wp-content\/uploads\/2021\/02\/307-150x150.jpg 150w, https:\/\/mcm-dev.host3ip.eu\/wp-content\/uploads\/2021\/02\/307-92x92.jpg 92w, https:\/\/mcm-dev.host3ip.eu\/wp-content\/uploads\/2021\/02\/307-200x200.jpg 200w\" sizes=\"auto, (max-width: 300px) 100vw, 300px\" \/><\/a>\t<div class=\"overlay\"><\/div>\n\t<div class=\"product-info\">\n\t\t<ul>\n\t\t\t<li><a rel=\"nofollow\" href=\"\/ca\/wp-json\/wp\/v2\/pages\/2106?add-to-cart=2179\" data-quantity=\"1\" data-product_id=\"2179\" data-product_sku=\"\" class=\"fa fa-shopping-cart button product_type_simple add_to_cart_button ajax_add_to_cart\" aria-label=\"Teletreball saludable\"><\/a><\/li>\n\t\t\t            \t\t<\/ul>\n\t<\/div>\n<\/div><div class=\"product-info-area\"><h3><a href=\"https:\/\/mcm-dev.host3ip.eu\/ca\/product\/teletreball-saludable\/\" class=\"woocommerce-LoopProduct-link\">Teletreball saludable<\/a><\/h3>\n<\/div><div class=\"clear\"><\/div><\/li>\n<\/ul>\n<\/div>[\/vc_column][\/vc_row][vc_row][vc_column][\/vc_column][\/vc_row]<\/p>\n","protected":false},"excerpt":{"rendered":"<p>[vc_row][vc_column][layerslider_vc id=&#8221;3&#8243;][\/vc_column][\/vc_row][vc_row full_width=&#8221;stretch_row&#8221; css=&#8221;.vc_custom_1615465948786{padding-top: 85px !important;padding-bottom: 100px !important;background-image: url(http:\/\/localhost\/wp-prevencio-mcmutual\/wp-content\/uploads\/2018\/01\/student4.jpg?id=1496) !important;background-position: center !important;background-repeat: no-repeat !important;background-size: cover !important;}&#8221; el_id=&#8221;accesoCampus&#8221;][vc_column width=&#8221;3\/4&#8243; offset=&#8221;vc_col-lg-6 vc_col-md-6&#8243;][\/vc_column][vc_column width=&#8221;1\/4&#8243; offset=&#8221;vc_col-lg-6 vc_col-md-6&#8243;][\/vc_column][\/vc_row][vc_row full_width=&#8221;stretch_row&#8221; css=&#8221;.vc_custom_1614596314350{padding-top: 55px !important;padding-bottom: 70px !important;background-color: #f5f5f5 !important;}&#8221; el_id=&#8221;cursos-destacats&#8221;][vc_column][\/vc_column][\/vc_row][vc_row][vc_column][\/vc_column][\/vc_row]<\/p>\n","protected":false},"author":1,"featured_media":0,"parent":0,"menu_order":0,"comment_status":"closed","ping_status":"closed","template":"","meta":{"_acf_changed":false,"footnotes":""},"class_list":["post-2106","page","type-page","status-publish","hentry"],"acf":[],"_links":{"self":[{"href":"https:\/\/mcm-dev.host3ip.eu\/ca\/wp-json\/wp\/v2\/pages\/2106","targetHints":{"allow":["GET"]}}],"collection":[{"href":"https:\/\/mcm-dev.host3ip.eu\/ca\/wp-json\/wp\/v2\/pages"}],"about":[{"href":"https:\/\/mcm-dev.host3ip.eu\/ca\/wp-json\/wp\/v2\/types\/page"}],"author":[{"embeddable":true,"href":"https:\/\/mcm-dev.host3ip.eu\/ca\/wp-json\/wp\/v2\/users\/1"}],"replies":[{"embeddable":true,"href":"https:\/\/mcm-dev.host3ip.eu\/ca\/wp-json\/wp\/v2\/comments?post=2106"}],"version-history":[{"count":40,"href":"https:\/\/mcm-dev.host3ip.eu\/ca\/wp-json\/wp\/v2\/pages\/2106\/revisions"}],"predecessor-version":[{"id":4260,"href":"https:\/\/mcm-dev.host3ip.eu\/ca\/wp-json\/wp\/v2\/pages\/2106\/revisions\/4260"}],"wp:attachment":[{"href":"https:\/\/mcm-dev.host3ip.eu\/ca\/wp-json\/wp\/v2\/media?parent=2106"}],"curies":[{"name":"wp","href":"https:\/\/api.w.org\/{rel}","templated":true}]}}