{"id":2496,"date":"2021-02-19T11:07:49","date_gmt":"2021-02-19T11:07:49","guid":{"rendered":"https:\/\/pre.mc-mutual.3ip.eu\/conoce-el-campus\/"},"modified":"2022-02-01T15:04:25","modified_gmt":"2022-02-01T15:04:25","slug":"coneix-el-campus","status":"publish","type":"page","link":"https:\/\/mcm-dev.host3ip.eu\/ca\/coneix-el-campus\/","title":{"rendered":"Qu\u00e8 \u00e9s el Campus MC Mutual?"},"content":{"rendered":"\n<p>El\u00a0<strong>Campus MC MUTUAL<\/strong>\u00a0\u00e9s una\u00a0<strong>plataforma d&#8217;e<em>-learning<\/em><\/strong>\u00a0que proporciona una variada relaci\u00f3 d&#8217;activitats educatives de qualitat centrada en centrada en\u00a0<strong>mat\u00e8ria de prevenci\u00f3 de riscos laborals (PRL)<\/strong>\u00a0i promoci\u00f3 de la salut laboral.<\/p>\n\n\n\n<p>El\u00a0<strong>prop\u00f2sit<\/strong>\u00a0de MC MUTUAL \u00e9s\u00a0<strong>potenciar la PRL<\/strong>, proporcionant als seus mutualistes<strong> activitats educatives<\/strong> en modalitat online confeccionades per professionals experts en cada tema, que els permetin con\u00e8ixer aquells riscos m\u00e9s comuns que es deriven de la seva activitat i com respondre davant d&#8217;ells. Tot aix\u00f2 sense necessitat d&#8217;assumir una plataforma pr\u00f2pia.<\/p>\n\n\n\n<p>Aquestes activitats complementen sense substituir les obligacions de l&#8217;empresari, amb relaci\u00f3 a l&#8217;article 19 de la Llei 31\/1995, de prevenci\u00f3 de riscos laborals.<\/p>\n\n\n\n<figure class=\"wp-block-image size-large\"><img loading=\"lazy\" decoding=\"async\" width=\"1024\" height=\"284\" src=\"https:\/\/mcm-dev.host3ip.eu\/wp-content\/uploads\/2021\/02\/Thinkific_BannersA-106-1024x284.jpg\" alt=\"\" class=\"wp-image-2133\" srcset=\"https:\/\/mcm-dev.host3ip.eu\/wp-content\/uploads\/2021\/02\/Thinkific_BannersA-106-1024x284.jpg 1024w, https:\/\/mcm-dev.host3ip.eu\/wp-content\/uploads\/2021\/02\/Thinkific_BannersA-106-300x83.jpg 300w, https:\/\/mcm-dev.host3ip.eu\/wp-content\/uploads\/2021\/02\/Thinkific_BannersA-106-600x167.jpg 600w, https:\/\/mcm-dev.host3ip.eu\/wp-content\/uploads\/2021\/02\/Thinkific_BannersA-106.jpg 1440w\" sizes=\"auto, (max-width: 1024px) 100vw, 1024px\" \/><\/figure>\n\n\n\n<h3 class=\"has-text-color wp-block-heading\" style=\"color:#f8b00f\"><strong>Quins avantatges t\u00e9 la formaci\u00f3 el l\u00ednia?<\/strong><\/h3>\n\n\n\n<ul class=\"wp-block-list\"><li>Acc\u00e9s als cursos qualsevol dia a qualsevol hora i des d&#8217;on l&#8217;alumne ho desitgi.<\/li><li>Flexibilitat en la gesti\u00f3 de l&#8217;aprenentatge.<\/li><li>Seguiment de l&#8217;evoluci\u00f3 dels alumnes inscrits.<\/li><li>Possibilitat d&#8217;autogesti\u00f3 de les matr\u00edcules per part de l&#8217;empresa mutualista a trav\u00e9s del Gestor de Col\u00b7lectius.<\/li><\/ul>\n\n\n\n<h3 class=\"has-text-color wp-block-heading\" style=\"color:#f8b00f\">&nbsp;<strong>Quines  garanties ofereix?&nbsp;<\/strong><\/h3>\n\n\n\n<p>Els continguts estan<strong> dissenyats per experts en les diverses mat\u00e8ries<\/strong>, amb tutors assignats a cada curs per resoldre els dubtes que es puguin plantejar, i amb el suport d&#8217;un equip de professionals que coordina el Campus MC MUTUAL i vetlla per l&#8217;\u00f2ptim funcionament de la plataforma.<\/p>\n\n\n\n<p>Les activitats educatives que es duen a terme des d&#8217;MC MUTUAL queden compreses en el Reial decret 860\/2018, i estan <strong>certificades <\/strong>d&#8217;acord amb els requisits de la norma de qualitat ISO 9001:2015.<\/p>\n","protected":false},"excerpt":{"rendered":"<p>El\u00a0Campus MC MUTUAL\u00a0\u00e9s una\u00a0plataforma d&#8217;e-learning\u00a0que proporciona una variada relaci\u00f3 d&#8217;activitats educatives de qualitat centrada en centrada en\u00a0mat\u00e8ria de prevenci\u00f3 de riscos laborals (PRL)\u00a0i promoci\u00f3 de la salut laboral. El\u00a0prop\u00f2sit\u00a0de MC MUTUAL \u00e9s\u00a0potenciar la PRL, proporcionant als seus mutualistes activitats educatives en modalitat online confeccionades per professionals experts en cada tema, que els permetin con\u00e8ixer aquells [&hellip;]<\/p>\n","protected":false},"author":1,"featured_media":0,"parent":0,"menu_order":0,"comment_status":"closed","ping_status":"closed","template":"","meta":{"_acf_changed":false,"footnotes":""},"class_list":["post-2496","page","type-page","status-publish","hentry"],"acf":[],"_links":{"self":[{"href":"https:\/\/mcm-dev.host3ip.eu\/ca\/wp-json\/wp\/v2\/pages\/2496","targetHints":{"allow":["GET"]}}],"collection":[{"href":"https:\/\/mcm-dev.host3ip.eu\/ca\/wp-json\/wp\/v2\/pages"}],"about":[{"href":"https:\/\/mcm-dev.host3ip.eu\/ca\/wp-json\/wp\/v2\/types\/page"}],"author":[{"embeddable":true,"href":"https:\/\/mcm-dev.host3ip.eu\/ca\/wp-json\/wp\/v2\/users\/1"}],"replies":[{"embeddable":true,"href":"https:\/\/mcm-dev.host3ip.eu\/ca\/wp-json\/wp\/v2\/comments?post=2496"}],"version-history":[{"count":7,"href":"https:\/\/mcm-dev.host3ip.eu\/ca\/wp-json\/wp\/v2\/pages\/2496\/revisions"}],"predecessor-version":[{"id":3258,"href":"https:\/\/mcm-dev.host3ip.eu\/ca\/wp-json\/wp\/v2\/pages\/2496\/revisions\/3258"}],"wp:attachment":[{"href":"https:\/\/mcm-dev.host3ip.eu\/ca\/wp-json\/wp\/v2\/media?parent=2496"}],"curies":[{"name":"wp","href":"https:\/\/api.w.org\/{rel}","templated":true}]}}