{"id":2666,"date":"2021-03-12T08:49:02","date_gmt":"2021-03-12T08:49:02","guid":{"rendered":"https:\/\/pre.mc-mutual.3ip.eu\/?page_id=2666"},"modified":"2021-10-21T11:27:19","modified_gmt":"2021-10-21T11:27:19","slug":"itineraris-formatius","status":"publish","type":"page","link":"https:\/\/mcm-dev.host3ip.eu\/ca\/itineraris-formatius\/","title":{"rendered":"Itineraris formatius"},"content":{"rendered":"\r\n<p>[vc_row][vc_column][vc_column_text]<\/p>\r\n\r\n\r\n\r\n<p>Posem a disposici\u00f3 aquesta eina per consultar els cursos en l\u00ednia m\u00e9s adequats per a cada perfil i sector d&#8217;activitat.<\/p>\r\n\r\n\r\n\r\n<p>En cada cas, els itineraris formatius mostraran els cursos espec\u00edfics i generals de Prevenci\u00f3 de Riscos Laborals.<\/p>\r\n\r\n\r\n\r\n<p>Una vegada seleccionat el perfil, podreu consultar la informaci\u00f3 b\u00e0sica de cada curs recomanat.<\/p>\r\n\r\n\r\n<p><iframe src='\/wp-content\/uploads\/articulate_uploads\/Itinerarios-formativos-en-castellano-web9\/story.html' width='100%' height='600px' frameborder='0' scrolling='no' title='e-learning content'><\/iframe><\/p>","protected":false},"excerpt":{"rendered":"<p>[vc_row][vc_column][vc_column_text] Posem a disposici\u00f3 aquesta eina per consultar els cursos en l\u00ednia m\u00e9s adequats per a cada perfil i sector d&#8217;activitat. En cada cas, els itineraris formatius mostraran els cursos espec\u00edfics i generals de Prevenci\u00f3 de Riscos Laborals. Una vegada seleccionat el perfil, podreu consultar la informaci\u00f3 b\u00e0sica de cada curs recomanat.<\/p>\n","protected":false},"author":10,"featured_media":0,"parent":0,"menu_order":0,"comment_status":"closed","ping_status":"closed","template":"","meta":{"_acf_changed":false,"footnotes":""},"class_list":["post-2666","page","type-page","status-publish","hentry"],"acf":[],"_links":{"self":[{"href":"https:\/\/mcm-dev.host3ip.eu\/ca\/wp-json\/wp\/v2\/pages\/2666","targetHints":{"allow":["GET"]}}],"collection":[{"href":"https:\/\/mcm-dev.host3ip.eu\/ca\/wp-json\/wp\/v2\/pages"}],"about":[{"href":"https:\/\/mcm-dev.host3ip.eu\/ca\/wp-json\/wp\/v2\/types\/page"}],"author":[{"embeddable":true,"href":"https:\/\/mcm-dev.host3ip.eu\/ca\/wp-json\/wp\/v2\/users\/10"}],"replies":[{"embeddable":true,"href":"https:\/\/mcm-dev.host3ip.eu\/ca\/wp-json\/wp\/v2\/comments?post=2666"}],"version-history":[{"count":4,"href":"https:\/\/mcm-dev.host3ip.eu\/ca\/wp-json\/wp\/v2\/pages\/2666\/revisions"}],"predecessor-version":[{"id":3164,"href":"https:\/\/mcm-dev.host3ip.eu\/ca\/wp-json\/wp\/v2\/pages\/2666\/revisions\/3164"}],"wp:attachment":[{"href":"https:\/\/mcm-dev.host3ip.eu\/ca\/wp-json\/wp\/v2\/media?parent=2666"}],"curies":[{"name":"wp","href":"https:\/\/api.w.org\/{rel}","templated":true}]}}