{"id":2669,"date":"2021-03-12T08:49:51","date_gmt":"2021-03-12T08:49:51","guid":{"rendered":"https:\/\/pre.mc-mutual.3ip.eu\/?page_id=2669"},"modified":"2024-04-25T14:43:40","modified_gmt":"2024-04-25T14:43:40","slug":"formacio-de-formadors-en-prl","status":"publish","type":"page","link":"https:\/\/mcm-dev.host3ip.eu\/ca\/formacio-de-formadors-en-prl\/","title":{"rendered":"Formaci\u00f3 de formadors en PRL"},"content":{"rendered":"\n<p>Una de les activitats m\u00e9s habituals dels t\u00e8cnics de prevenci\u00f3 \u00e9s la formaci\u00f3 i informaci\u00f3 als treballadors. Conscients d&#8217;aquest paper fonamental, MC MUTUAL ha elaborat els videotutorials que es mostren a continuaci\u00f3 amb les claus per a ser un bon formador en&nbsp;PRL&nbsp;i aconseguir el seu objectiu final, sensibilitzar als treballadors per a protegir la seva seguretat i salut.<\/p>\n\n\n\n<p><\/p>\n\n\n\n<p><strong>P\u00edndola 1: Principis b\u00e0sics de la formaci\u00f3 en&nbsp;PRL<\/strong><\/p>\n\n\n\n<p>En aquest v\u00eddeo es recullen els punts a tenir en compte, segons l&#8217;article 19 de la Llei de Prevenci\u00f3 de Riscos Laborals.<\/p>\n\n\n\n<p><strong>Versi\u00f3 ES<\/strong><\/p>\n\n\n\n<figure class=\"wp-block-embed is-type-video is-provider-youtube wp-block-embed-youtube wp-embed-aspect-16-9 wp-has-aspect-ratio\"><div class=\"wp-block-embed__wrapper\">\n<iframe loading=\"lazy\" title=\"C\u00f3mo ser un buen formador en PRL. P\u00edldora 1: Principios b\u00e1sicos de la formaci\u00f3n en PRL\" width=\"500\" height=\"281\" src=\"https:\/\/www.youtube.com\/embed\/fhYPwgKGU44?feature=oembed\" frameborder=\"0\" allow=\"accelerometer; autoplay; clipboard-write; encrypted-media; gyroscope; picture-in-picture; web-share\" referrerpolicy=\"strict-origin-when-cross-origin\" allowfullscreen><\/iframe>\n<\/div><\/figure>\n\n\n\n<p><\/p>\n\n\n\n<p><strong>P\u00edndola 2: Claus per a realitzar una sessi\u00f3 formativa efectiva<\/strong><\/p>\n\n\n\n<p>Per a realitzar una sessi\u00f3 efectiva, a m\u00e9s de ser un expert en la mat\u00e8ria, es requereixen unes certes habilitats comunicatives i planificar b\u00e9 la&nbsp;formaci\u00f3.<\/p>\n\n\n\n<p> <strong>Versi\u00f3 ES<\/strong> <\/p>\n\n\n\n<figure class=\"wp-block-embed is-type-video is-provider-youtube wp-block-embed-youtube wp-embed-aspect-16-9 wp-has-aspect-ratio\"><div class=\"wp-block-embed__wrapper\">\n<iframe loading=\"lazy\" title=\"C\u00f3mo ser un buen formador en PRL. P\u00edldora 2: Claves para realizar una sesi\u00f3n formativa efectiva\" width=\"500\" height=\"281\" src=\"https:\/\/www.youtube.com\/embed\/SP-NSKq4AhE?feature=oembed\" frameborder=\"0\" allow=\"accelerometer; autoplay; clipboard-write; encrypted-media; gyroscope; picture-in-picture; web-share\" referrerpolicy=\"strict-origin-when-cross-origin\" allowfullscreen><\/iframe>\n<\/div><\/figure>\n\n\n\n<p><\/p>\n\n\n\n<p><strong>P\u00edndola 3: Guia per a realitzar un&nbsp;webinari amb \u00e8xit<\/strong><\/p>\n\n\n\n<p>Com a formador en Prevenci\u00f3 de Riscos Laborals, cada vegada \u00e9s m\u00e9s freq\u00fcent impartir sessions en format en l\u00ednia. Els webinaris tenen alguns avantatges comparats amb els esdeveniments presencials, per\u00f2 tamb\u00e9 poden suposar un repte per al formador. En aquest v\u00eddeo s&#8217;expliquen les claus per a realitzar un webinari amb \u00e8xit.<\/p>\n\n\n\n<p> <strong>Versi\u00f3 ES<\/strong> <\/p>\n\n\n\n<figure class=\"wp-block-embed is-type-video is-provider-youtube wp-block-embed-youtube wp-embed-aspect-16-9 wp-has-aspect-ratio\"><div class=\"wp-block-embed__wrapper\">\n<iframe loading=\"lazy\" title=\"C\u00f3mo ser un buen formador en PRL. P\u00edldora 3: Gu\u00eda para realizar un webinario con \u00e9xito\" width=\"500\" height=\"281\" src=\"https:\/\/www.youtube.com\/embed\/yMkD8KNYKyc?feature=oembed\" frameborder=\"0\" allow=\"accelerometer; autoplay; clipboard-write; encrypted-media; gyroscope; picture-in-picture; web-share\" referrerpolicy=\"strict-origin-when-cross-origin\" allowfullscreen><\/iframe>\n<\/div><\/figure>\n","protected":false},"excerpt":{"rendered":"<p>Una de les activitats m\u00e9s habituals dels t\u00e8cnics de prevenci\u00f3 \u00e9s la formaci\u00f3 i informaci\u00f3 als treballadors. Conscients d&#8217;aquest paper fonamental, MC MUTUAL ha elaborat els videotutorials que es mostren a continuaci\u00f3 amb les claus per a ser un bon formador en&nbsp;PRL&nbsp;i aconseguir el seu objectiu final, sensibilitzar als treballadors per a protegir la seva [&hellip;]<\/p>\n","protected":false},"author":10,"featured_media":0,"parent":0,"menu_order":0,"comment_status":"closed","ping_status":"closed","template":"","meta":{"_acf_changed":false,"footnotes":""},"class_list":["post-2669","page","type-page","status-publish","hentry"],"acf":[],"_links":{"self":[{"href":"https:\/\/mcm-dev.host3ip.eu\/ca\/wp-json\/wp\/v2\/pages\/2669","targetHints":{"allow":["GET"]}}],"collection":[{"href":"https:\/\/mcm-dev.host3ip.eu\/ca\/wp-json\/wp\/v2\/pages"}],"about":[{"href":"https:\/\/mcm-dev.host3ip.eu\/ca\/wp-json\/wp\/v2\/types\/page"}],"author":[{"embeddable":true,"href":"https:\/\/mcm-dev.host3ip.eu\/ca\/wp-json\/wp\/v2\/users\/10"}],"replies":[{"embeddable":true,"href":"https:\/\/mcm-dev.host3ip.eu\/ca\/wp-json\/wp\/v2\/comments?post=2669"}],"version-history":[{"count":6,"href":"https:\/\/mcm-dev.host3ip.eu\/ca\/wp-json\/wp\/v2\/pages\/2669\/revisions"}],"predecessor-version":[{"id":3989,"href":"https:\/\/mcm-dev.host3ip.eu\/ca\/wp-json\/wp\/v2\/pages\/2669\/revisions\/3989"}],"wp:attachment":[{"href":"https:\/\/mcm-dev.host3ip.eu\/ca\/wp-json\/wp\/v2\/media?parent=2669"}],"curies":[{"name":"wp","href":"https:\/\/api.w.org\/{rel}","templated":true}]}}