{"id":2695,"date":"2021-02-25T16:22:13","date_gmt":"2021-02-25T16:22:13","guid":{"rendered":"https:\/\/pre.mc-mutual.3ip.eu\/antes-de-comenzar\/"},"modified":"2022-02-01T15:12:23","modified_gmt":"2022-02-01T15:12:23","slug":"antes-de-comenzar","status":"publish","type":"page","link":"https:\/\/mcm-dev.host3ip.eu\/ca\/antes-de-comenzar\/","title":{"rendered":"Abans de comen\u00e7ar"},"content":{"rendered":"\n<p>Les\u00a0<strong>recomanacions <\/strong>que us proposem us ajudaran a <strong>rentabilitzar<\/strong> al m\u00e0xim el vostre temps de dedicaci\u00f3 a les diferents accions educatives que us oferim. <\/p>\n\n\n\n<figure class=\"wp-block-image size-large is-resized\"><img loading=\"lazy\" decoding=\"async\" src=\"https:\/\/mcm-dev.host3ip.eu\/wp-content\/uploads\/2021\/04\/top-view-of-office-supplies-with-keyboard-and-mouse-1-1024x678.jpg\" alt=\"\" class=\"wp-image-2878\" width=\"480\" height=\"318\" srcset=\"https:\/\/mcm-dev.host3ip.eu\/wp-content\/uploads\/2021\/04\/top-view-of-office-supplies-with-keyboard-and-mouse-1-1024x678.jpg 1024w, https:\/\/mcm-dev.host3ip.eu\/wp-content\/uploads\/2021\/04\/top-view-of-office-supplies-with-keyboard-and-mouse-1-300x199.jpg 300w, https:\/\/mcm-dev.host3ip.eu\/wp-content\/uploads\/2021\/04\/top-view-of-office-supplies-with-keyboard-and-mouse-1-1536x1017.jpg 1536w, https:\/\/mcm-dev.host3ip.eu\/wp-content\/uploads\/2021\/04\/top-view-of-office-supplies-with-keyboard-and-mouse-1-2048x1356.jpg 2048w, https:\/\/mcm-dev.host3ip.eu\/wp-content\/uploads\/2021\/04\/top-view-of-office-supplies-with-keyboard-and-mouse-1-150x100.jpg 150w, https:\/\/mcm-dev.host3ip.eu\/wp-content\/uploads\/2021\/04\/top-view-of-office-supplies-with-keyboard-and-mouse-1-600x397.jpg 600w\" sizes=\"auto, (max-width: 480px) 100vw, 480px\" \/><\/figure>\n\n\n\n<h2 class=\"has-text-color wp-block-heading\" style=\"color:#f8b00f\">VALORA EL TEU TEMPS <\/h2>\n\n\n\n<p>Durant el temps que estiguis connectat a Campus, evita les distraccions. Aix\u00f2 et permetr\u00e0 obtenir el m\u00e0xim rendiment a la teva formaci\u00f3.<\/p>\n\n\n\n<h2 class=\"has-text-color wp-block-heading\" style=\"color:#f8b00f\">PLANIFICA&#8217;T I ORGANITZA&#8217;T<\/h2>\n\n\n\n<p>Per poder compaginar l&#8217;acc\u00e9s al Campus amb la resta de responsabilitats, planifica amb antelaci\u00f3 el moment adequat per realitzar la teva formaci\u00f3 i preveu el temps de dedicaci\u00f3.<\/p>\n\n\n\n<h2 class=\"has-text-color wp-block-heading\" style=\"color:#f8b00f\">REALITZA PAUSES<\/h2>\n\n\n\n<p>Procura fer pauses curtes i freq\u00fcents, ja que aquestes t&#8217;ajudaran a relaxar la ment i a prevenir la fatiga visual. Si notes fatiga f\u00edsica, canvia de postura i realitza estiraments musculars.<\/p>\n\n\n\n<h2 class=\"has-text-color wp-block-heading\" style=\"color:#f8b00f\">PARTICIPA<\/h2>\n\n\n\n<p>Utilitza els espais virtuals habilitats per intercanviar idees i experi\u00e8ncies amb altres usuaris. La participaci\u00f3 i interacci\u00f3 s\u00f3n elements b\u00e0sics per generar coneixement.<\/p>\n\n\n\n<h2 class=\"has-text-color wp-block-heading\" style=\"color:#f8b00f\">RECORDA I REFLEXIONA <\/h2>\n\n\n\n<p>Quan finalitzis una formaci\u00f3, reflexiona sobre els conceptes apresos. Aix\u00ed et resultar\u00e0 m\u00e9s f\u00e0cil consolidar els coneixements que vagis adquirint al llarg del teu itinerari formatiu.<\/p>\n","protected":false},"excerpt":{"rendered":"<p>Les\u00a0recomanacions que us proposem us ajudaran a rentabilitzar al m\u00e0xim el vostre temps de dedicaci\u00f3 a les diferents accions educatives que us oferim. VALORA EL TEU TEMPS Durant el temps que estiguis connectat a Campus, evita les distraccions. Aix\u00f2 et permetr\u00e0 obtenir el m\u00e0xim rendiment a la teva formaci\u00f3. PLANIFICA&#8217;T I ORGANITZA&#8217;T Per poder compaginar [&hellip;]<\/p>\n","protected":false},"author":1,"featured_media":0,"parent":0,"menu_order":0,"comment_status":"closed","ping_status":"closed","template":"","meta":{"_acf_changed":false,"footnotes":""},"class_list":["post-2695","page","type-page","status-publish","hentry"],"acf":[],"_links":{"self":[{"href":"https:\/\/mcm-dev.host3ip.eu\/ca\/wp-json\/wp\/v2\/pages\/2695","targetHints":{"allow":["GET"]}}],"collection":[{"href":"https:\/\/mcm-dev.host3ip.eu\/ca\/wp-json\/wp\/v2\/pages"}],"about":[{"href":"https:\/\/mcm-dev.host3ip.eu\/ca\/wp-json\/wp\/v2\/types\/page"}],"author":[{"embeddable":true,"href":"https:\/\/mcm-dev.host3ip.eu\/ca\/wp-json\/wp\/v2\/users\/1"}],"replies":[{"embeddable":true,"href":"https:\/\/mcm-dev.host3ip.eu\/ca\/wp-json\/wp\/v2\/comments?post=2695"}],"version-history":[{"count":6,"href":"https:\/\/mcm-dev.host3ip.eu\/ca\/wp-json\/wp\/v2\/pages\/2695\/revisions"}],"predecessor-version":[{"id":3262,"href":"https:\/\/mcm-dev.host3ip.eu\/ca\/wp-json\/wp\/v2\/pages\/2695\/revisions\/3262"}],"wp:attachment":[{"href":"https:\/\/mcm-dev.host3ip.eu\/ca\/wp-json\/wp\/v2\/media?parent=2695"}],"curies":[{"name":"wp","href":"https:\/\/api.w.org\/{rel}","templated":true}]}}