{"id":2699,"date":"2021-03-08T13:27:56","date_gmt":"2021-03-08T13:27:56","guid":{"rendered":"https:\/\/pre.mc-mutual.3ip.eu\/nuestra-filosofia-educativa\/"},"modified":"2022-02-01T15:10:16","modified_gmt":"2022-02-01T15:10:16","slug":"nuestra-filosofia-educativa","status":"publish","type":"page","link":"https:\/\/mcm-dev.host3ip.eu\/ca\/nuestra-filosofia-educativa\/","title":{"rendered":"La nostra filosofia educativa"},"content":{"rendered":"\n<p>MC MUTUAL est\u00e0 compromesa amb la societat en la promoci\u00f3 de la PRL mitjan\u00e7ant accions de divulgaci\u00f3, educaci\u00f3, sensibilitzaci\u00f3 i conscienciaci\u00f3.<\/p>\n\n\n\n<p>El prop\u00f2sit d&#8217;aquesta plataforma \u00e9s potenciar la salut laboral, proporcionant als nostres mutualistes formaci\u00f3 en modalitat <em>online.<\/em><\/p>\n\n\n\n<p>Apostem per fer de l&#8217;alumne un agent actiu en la seva pr\u00f2pia formaci\u00f3 per crear aix\u00ed un aprenentatge significatiu i aut\u00f2nom. Per dur a terme aquest objectiu \u00e9s necess\u00e0ria la implicaci\u00f3 de l&#8217;empresa i els treballadors.<\/p>\n\n\n\n<figure class=\"wp-block-image size-large is-style-default\"><img loading=\"lazy\" decoding=\"async\" width=\"600\" height=\"167\" src=\"https:\/\/mcm-dev.host3ip.eu\/wp-content\/uploads\/2021\/03\/Thinkific_BannersA-002_s-1.jpg\" alt=\"\" class=\"wp-image-2594\" srcset=\"https:\/\/mcm-dev.host3ip.eu\/wp-content\/uploads\/2021\/03\/Thinkific_BannersA-002_s-1.jpg 600w, https:\/\/mcm-dev.host3ip.eu\/wp-content\/uploads\/2021\/03\/Thinkific_BannersA-002_s-1-300x84.jpg 300w\" sizes=\"auto, (max-width: 600px) 100vw, 600px\" \/><\/figure>\n\n\n\n<p><\/p>\n\n\n\n<h2 class=\"has-text-color wp-block-heading\" style=\"color:#f8b00f\">Quina titulaci\u00f3 atorguen els nostres cursos<strong>?<\/strong><\/h2>\n\n\n\n<p>En acabar l&#8217;activitat, i un cop superada amb \u00e8xit l&#8217;avaluaci\u00f3, l&#8217;usuari obt\u00e9 un diploma d&#8217;aprofitament d&#8217;MC MUTUAL. Si l&#8217;empresa disposa d&#8217;un t\u00e8cnic mitj\u00e0 o superior que assumeixi funcions en mat\u00e8ria de PRL, pot usar els continguts de Campus per acreditar la formaci\u00f3 espec\u00edfica en prevenci\u00f3 dels treballadors, despr\u00e9s de complementar-los amb la corresponent formaci\u00f3 pr\u00e0ctica.<\/p>\n\n\n\n<p>En el cas de treballadors aut\u00f2noms, la m\u00fatua podr\u00e0 certificar el Nivell B\u00e0sic de PRL a trav\u00e9s del curs B\u00e0sic que oferim en modalitat online per a aquest col\u00b7lectiu.<\/p>\n","protected":false},"excerpt":{"rendered":"<p>MC MUTUAL est\u00e0 compromesa amb la societat en la promoci\u00f3 de la PRL mitjan\u00e7ant accions de divulgaci\u00f3, educaci\u00f3, sensibilitzaci\u00f3 i conscienciaci\u00f3. El prop\u00f2sit d&#8217;aquesta plataforma \u00e9s potenciar la salut laboral, proporcionant als nostres mutualistes formaci\u00f3 en modalitat online. Apostem per fer de l&#8217;alumne un agent actiu en la seva pr\u00f2pia formaci\u00f3 per crear aix\u00ed un [&hellip;]<\/p>\n","protected":false},"author":1,"featured_media":0,"parent":0,"menu_order":0,"comment_status":"closed","ping_status":"closed","template":"","meta":{"_acf_changed":false,"footnotes":""},"class_list":["post-2699","page","type-page","status-publish","hentry"],"acf":[],"_links":{"self":[{"href":"https:\/\/mcm-dev.host3ip.eu\/ca\/wp-json\/wp\/v2\/pages\/2699","targetHints":{"allow":["GET"]}}],"collection":[{"href":"https:\/\/mcm-dev.host3ip.eu\/ca\/wp-json\/wp\/v2\/pages"}],"about":[{"href":"https:\/\/mcm-dev.host3ip.eu\/ca\/wp-json\/wp\/v2\/types\/page"}],"author":[{"embeddable":true,"href":"https:\/\/mcm-dev.host3ip.eu\/ca\/wp-json\/wp\/v2\/users\/1"}],"replies":[{"embeddable":true,"href":"https:\/\/mcm-dev.host3ip.eu\/ca\/wp-json\/wp\/v2\/comments?post=2699"}],"version-history":[{"count":5,"href":"https:\/\/mcm-dev.host3ip.eu\/ca\/wp-json\/wp\/v2\/pages\/2699\/revisions"}],"predecessor-version":[{"id":3260,"href":"https:\/\/mcm-dev.host3ip.eu\/ca\/wp-json\/wp\/v2\/pages\/2699\/revisions\/3260"}],"wp:attachment":[{"href":"https:\/\/mcm-dev.host3ip.eu\/ca\/wp-json\/wp\/v2\/media?parent=2699"}],"curies":[{"name":"wp","href":"https:\/\/api.w.org\/{rel}","templated":true}]}}