{"id":2179,"date":"2021-02-25T09:27:30","date_gmt":"2021-02-25T09:27:30","guid":{"rendered":"https:\/\/pre.mc-mutual.3ip.eu\/?post_type=product&#038;p=2179"},"modified":"2022-02-01T13:44:38","modified_gmt":"2022-02-01T13:44:38","slug":"teletreball-saludable","status":"publish","type":"product","link":"https:\/\/mcm-dev.host3ip.eu\/ca\/product\/teletreball-saludable\/","title":{"rendered":"Teletreball saludable"},"content":{"rendered":"<p>El teletreball \u00e9s una forma flexible de treball a dist\u00e0ncia que permet als empleats dur a terme les seves activitats laborals des de localitzacions diferents i remotes, mitjan\u00e7ant l\u2019\u00fas de les Tecnologies de la Informaci\u00f3 i les Comunicacions (TIC), sense necessitat d\u2019acudir a l\u2019empresa.<\/p>\n","protected":false},"excerpt":{"rendered":"<p>El teletreball \u00e9s una forma flexible de treball a dist\u00e0ncia que permet als empleats dur a terme les seves activitats laborals des de localitzacions diferents i remotes, mitjan\u00e7ant l\u2019\u00fas de les Tecnologies de la Informaci\u00f3 i les Comunicacions (TIC), sense necessitat d\u2019acudir a l\u2019empresa.<\/p>\n","protected":false},"featured_media":2315,"template":"","meta":{"_acf_changed":false},"product_brand":[],"product_cat":[163],"product_tag":[],"class_list":{"0":"post-2179","1":"product","2":"type-product","3":"status-publish","4":"has-post-thumbnail","6":"product_cat-ergonomia-ca","8":"first","9":"instock","10":"virtual","11":"sold-individually","12":"purchasable","13":"product-type-simple"},"acf":[],"_links":{"self":[{"href":"https:\/\/mcm-dev.host3ip.eu\/ca\/wp-json\/wp\/v2\/product\/2179","targetHints":{"allow":["GET"]}}],"collection":[{"href":"https:\/\/mcm-dev.host3ip.eu\/ca\/wp-json\/wp\/v2\/product"}],"about":[{"href":"https:\/\/mcm-dev.host3ip.eu\/ca\/wp-json\/wp\/v2\/types\/product"}],"wp:featuredmedia":[{"embeddable":true,"href":"https:\/\/mcm-dev.host3ip.eu\/ca\/wp-json\/wp\/v2\/media\/2315"}],"wp:attachment":[{"href":"https:\/\/mcm-dev.host3ip.eu\/ca\/wp-json\/wp\/v2\/media?parent=2179"}],"wp:term":[{"taxonomy":"product_brand","embeddable":true,"href":"https:\/\/mcm-dev.host3ip.eu\/ca\/wp-json\/wp\/v2\/product_brand?post=2179"},{"taxonomy":"product_cat","embeddable":true,"href":"https:\/\/mcm-dev.host3ip.eu\/ca\/wp-json\/wp\/v2\/product_cat?post=2179"},{"taxonomy":"product_tag","embeddable":true,"href":"https:\/\/mcm-dev.host3ip.eu\/ca\/wp-json\/wp\/v2\/product_tag?post=2179"}],"curies":[{"name":"wp","href":"https:\/\/api.w.org\/{rel}","templated":true}]}}