{"id":2190,"date":"2021-03-04T10:17:33","date_gmt":"2021-03-04T10:17:33","guid":{"rendered":"https:\/\/pre.mc-mutual.3ip.eu\/?post_type=product&#038;p=2190"},"modified":"2022-09-16T02:00:01","modified_gmt":"2022-09-16T02:00:01","slug":"primers-auxilis","status":"publish","type":"product","link":"https:\/\/mcm-dev.host3ip.eu\/ca\/product\/primers-auxilis\/","title":{"rendered":"Primers Auxilis"},"content":{"rendered":"<p>Si passa un accident o una malaltia de forma inesperada, sigui en el nostre entorn laboral o dom\u00e8stic, haur\u00edem de tenir uns coneixements m\u00ednims de conceptes i t\u00e8cniques de primers auxilis fins a l\u2019arribada d\u2019ajuda especialitzada.<\/p>\n<p>En l\u2019\u00e0mbit d\u2019empresa, s\u2019han d\u2019analitzar les possibles situacions d\u2019emerg\u00e8ncia i adoptar mesures necess\u00e0ries mitjan\u00e7ant la designaci\u00f3 de personal encarregat de posar en pr\u00e0ctica les primeres atencions en primers auxilis.<\/p>\n<p>Aix\u00ed mateix, aquest personal ha de ser format adequadament i han de disposar de material adequat per a realitzar la primera atenci\u00f3.<\/p>\n<p>En cap cas, aquest curs substitueix a una formaci\u00f3 reglada i de car\u00e0cter presencial que haurien de tenir els treballadors designats dels equips d\u2019emerg\u00e8ncia.<\/p>\n","protected":false},"excerpt":{"rendered":"<p>Si passa un accident o una malaltia de forma inesperada, sigui en el nostre entorn laboral o dom\u00e8stic, haur\u00edem de tenir uns coneixements m\u00ednims de conceptes i t\u00e8cniques de primers auxilis fins a l\u2019arribada d\u2019ajuda especialitzada. En l\u2019\u00e0mbit d\u2019empresa, s\u2019han d\u2019analitzar les possibles situacions d\u2019emerg\u00e8ncia i adoptar mesures necess\u00e0ries mitjan\u00e7ant la designaci\u00f3 de personal encarregat [&hellip;]<\/p>\n","protected":false},"featured_media":2577,"template":"","meta":{"_acf_changed":false},"product_brand":[],"product_cat":[166],"product_tag":[],"class_list":{"0":"post-2190","1":"product","2":"type-product","3":"status-publish","4":"has-post-thumbnail","6":"product_cat-seguridad-e-higiene-ca","8":"first","9":"instock","10":"virtual","11":"sold-individually","12":"purchasable","13":"product-type-simple"},"acf":[],"_links":{"self":[{"href":"https:\/\/mcm-dev.host3ip.eu\/ca\/wp-json\/wp\/v2\/product\/2190","targetHints":{"allow":["GET"]}}],"collection":[{"href":"https:\/\/mcm-dev.host3ip.eu\/ca\/wp-json\/wp\/v2\/product"}],"about":[{"href":"https:\/\/mcm-dev.host3ip.eu\/ca\/wp-json\/wp\/v2\/types\/product"}],"wp:featuredmedia":[{"embeddable":true,"href":"https:\/\/mcm-dev.host3ip.eu\/ca\/wp-json\/wp\/v2\/media\/2577"}],"wp:attachment":[{"href":"https:\/\/mcm-dev.host3ip.eu\/ca\/wp-json\/wp\/v2\/media?parent=2190"}],"wp:term":[{"taxonomy":"product_brand","embeddable":true,"href":"https:\/\/mcm-dev.host3ip.eu\/ca\/wp-json\/wp\/v2\/product_brand?post=2190"},{"taxonomy":"product_cat","embeddable":true,"href":"https:\/\/mcm-dev.host3ip.eu\/ca\/wp-json\/wp\/v2\/product_cat?post=2190"},{"taxonomy":"product_tag","embeddable":true,"href":"https:\/\/mcm-dev.host3ip.eu\/ca\/wp-json\/wp\/v2\/product_tag?post=2190"}],"curies":[{"name":"wp","href":"https:\/\/api.w.org\/{rel}","templated":true}]}}