{"id":2191,"date":"2021-02-25T09:30:26","date_gmt":"2021-02-25T09:30:26","guid":{"rendered":"https:\/\/pre.mc-mutual.3ip.eu\/?post_type=product&#038;p=2191"},"modified":"2022-01-31T11:41:37","modified_gmt":"2022-01-31T11:41:37","slug":"coordinacio-dactivitats-empresarials","status":"publish","type":"product","link":"https:\/\/mcm-dev.host3ip.eu\/ca\/product\/coordinacio-dactivitats-empresarials\/","title":{"rendered":"Coordinaci\u00f3 d&#8217;Activitats Empresarials"},"content":{"rendered":"<p>La Llei de Prevenci\u00f3 de Riscos Laborals, en el seu article 24, estableix el deure de cooperar en l\u2019aplicaci\u00f3 de la normativa sobre prevenci\u00f3 de riscos laborals a les empreses que desenvolupin activitats en un mateix centre de treball.<\/p>\n<p>Aquest deure de cooperaci\u00f3 \u00e9s degut al risc que es genera quan treballadors de diferents empreses coincideixen en un mateix centre de treball, on s\u2019ha de garantir la seva seguretat i salut. Objectiu que s\u2019aborda en aquest curs, de manera pr\u00e0ctica i amena, complementant-ho amb exercicis i recursos audiovisuals per ajudar a integrar els continguts que s\u2019exposen.<\/p>\n<p>Aquest curs est\u00e0 orientat a T\u00e8cnics i responsables de prevenci\u00f3, aix\u00ed com treballadors designats i treballadors aut\u00f2noms.<\/p>\n","protected":false},"excerpt":{"rendered":"<p>La Llei de Prevenci\u00f3 de Riscos Laborals, en el seu article 24, estableix el deure de cooperar en l\u2019aplicaci\u00f3 de la normativa sobre prevenci\u00f3 de riscos laborals a les empreses que desenvolupin activitats en un mateix centre de treball. Aquest deure de cooperaci\u00f3 \u00e9s degut al risc que es genera quan treballadors de diferents empreses [&hellip;]<\/p>\n","protected":false},"featured_media":2325,"template":"","meta":{"_acf_changed":false},"product_brand":[],"product_cat":[167],"product_tag":[],"class_list":{"0":"post-2191","1":"product","2":"type-product","3":"status-publish","4":"has-post-thumbnail","6":"product_cat-gestion-de-la-prl-ca","8":"first","9":"instock","10":"virtual","11":"sold-individually","12":"purchasable","13":"product-type-simple"},"acf":[],"_links":{"self":[{"href":"https:\/\/mcm-dev.host3ip.eu\/ca\/wp-json\/wp\/v2\/product\/2191","targetHints":{"allow":["GET"]}}],"collection":[{"href":"https:\/\/mcm-dev.host3ip.eu\/ca\/wp-json\/wp\/v2\/product"}],"about":[{"href":"https:\/\/mcm-dev.host3ip.eu\/ca\/wp-json\/wp\/v2\/types\/product"}],"wp:featuredmedia":[{"embeddable":true,"href":"https:\/\/mcm-dev.host3ip.eu\/ca\/wp-json\/wp\/v2\/media\/2325"}],"wp:attachment":[{"href":"https:\/\/mcm-dev.host3ip.eu\/ca\/wp-json\/wp\/v2\/media?parent=2191"}],"wp:term":[{"taxonomy":"product_brand","embeddable":true,"href":"https:\/\/mcm-dev.host3ip.eu\/ca\/wp-json\/wp\/v2\/product_brand?post=2191"},{"taxonomy":"product_cat","embeddable":true,"href":"https:\/\/mcm-dev.host3ip.eu\/ca\/wp-json\/wp\/v2\/product_cat?post=2191"},{"taxonomy":"product_tag","embeddable":true,"href":"https:\/\/mcm-dev.host3ip.eu\/ca\/wp-json\/wp\/v2\/product_tag?post=2191"}],"curies":[{"name":"wp","href":"https:\/\/api.w.org\/{rel}","templated":true}]}}