{"id":2200,"date":"2021-02-25T09:33:10","date_gmt":"2021-02-25T09:33:10","guid":{"rendered":"https:\/\/pre.mc-mutual.3ip.eu\/?post_type=product&#038;p=2200"},"modified":"2022-11-16T02:00:02","modified_gmt":"2022-11-16T02:00:02","slug":"autogestio-de-la-prevencio","status":"publish","type":"product","link":"https:\/\/mcm-dev.host3ip.eu\/ca\/product\/autogestio-de-la-prevencio\/","title":{"rendered":"Autogesti\u00f3 de la prevenci\u00f3"},"content":{"rendered":"<p>Cada empresari, independentment del nombre de treballadors que t\u00e9 l\u2019empresa, t\u00e9 l\u2019obligaci\u00f3 legal de vetllar per la seguretat i la salut dels seus treballadors. En empreses de fins a 25 treballadors l\u2019empresari pot complir les seves obligacions en l\u2019\u00e0mbit de la prevenci\u00f3 de riscos laborals amb mitjans propis, assumint activitats com l\u2019avaluaci\u00f3 de riscos i la planificaci\u00f3 de mesures preventives. Per facilitar a aquests emprenedors l\u2019autogesti\u00f3 de la prevenci\u00f3, l\u2019Institut Nacional de Seguretat i Salut en el Treball ofereix el servei PREVENCION10.<\/p>\n","protected":false},"excerpt":{"rendered":"<p>Cada empresari, independentment del nombre de treballadors que t\u00e9 l\u2019empresa, t\u00e9 l\u2019obligaci\u00f3 legal de vetllar per la seguretat i la salut dels seus treballadors. En empreses de fins a 25 treballadors l\u2019empresari pot complir les seves obligacions en l\u2019\u00e0mbit de la prevenci\u00f3 de riscos laborals amb mitjans propis, assumint activitats com l\u2019avaluaci\u00f3 de riscos i [&hellip;]<\/p>\n","protected":false},"featured_media":2295,"template":"","meta":{"_acf_changed":false},"product_brand":[],"product_cat":[167],"product_tag":[],"class_list":{"0":"post-2200","1":"product","2":"type-product","3":"status-publish","4":"has-post-thumbnail","6":"product_cat-gestion-de-la-prl-ca","8":"first","9":"instock","10":"virtual","11":"sold-individually","12":"purchasable","13":"product-type-simple"},"acf":[],"_links":{"self":[{"href":"https:\/\/mcm-dev.host3ip.eu\/ca\/wp-json\/wp\/v2\/product\/2200","targetHints":{"allow":["GET"]}}],"collection":[{"href":"https:\/\/mcm-dev.host3ip.eu\/ca\/wp-json\/wp\/v2\/product"}],"about":[{"href":"https:\/\/mcm-dev.host3ip.eu\/ca\/wp-json\/wp\/v2\/types\/product"}],"wp:featuredmedia":[{"embeddable":true,"href":"https:\/\/mcm-dev.host3ip.eu\/ca\/wp-json\/wp\/v2\/media\/2295"}],"wp:attachment":[{"href":"https:\/\/mcm-dev.host3ip.eu\/ca\/wp-json\/wp\/v2\/media?parent=2200"}],"wp:term":[{"taxonomy":"product_brand","embeddable":true,"href":"https:\/\/mcm-dev.host3ip.eu\/ca\/wp-json\/wp\/v2\/product_brand?post=2200"},{"taxonomy":"product_cat","embeddable":true,"href":"https:\/\/mcm-dev.host3ip.eu\/ca\/wp-json\/wp\/v2\/product_cat?post=2200"},{"taxonomy":"product_tag","embeddable":true,"href":"https:\/\/mcm-dev.host3ip.eu\/ca\/wp-json\/wp\/v2\/product_tag?post=2200"}],"curies":[{"name":"wp","href":"https:\/\/api.w.org\/{rel}","templated":true}]}}