{"id":2201,"date":"2021-02-25T09:34:39","date_gmt":"2021-02-25T09:34:39","guid":{"rendered":"https:\/\/pre.mc-mutual.3ip.eu\/?post_type=product&#038;p=2201"},"modified":"2022-01-31T12:30:56","modified_gmt":"2022-01-31T12:30:56","slug":"escola-desquena","status":"publish","type":"product","link":"https:\/\/mcm-dev.host3ip.eu\/ca\/product\/escola-desquena\/","title":{"rendered":"Escola d&#8217;Esquena"},"content":{"rendered":"<p>El nostre dia a dia est\u00e0 ple d\u2019exig\u00e8ncies f\u00edsiques que requereixen una resposta concreta del nostre cos. Aquestes exig\u00e8ncies es produeixen en tots els \u00e0mbits de la nostra vida quotidiana, tant en despla\u00e7ar-nos a la feina o executar tasques laborals espec\u00edfiques, com en les activitats familiars i d\u2019oci: cuidar als nens, dur a terme les tasques dom\u00e8stiques o practicar algun esport.<\/p>\n<p>Aplicar uns h\u00e0bits posturals correctes en totes elles \u00e9s de vital import\u00e0ncia per prevenir trastorns musculoesquel\u00e8tics a l\u2019esquena, afavorint la nostra salut i benestar.<\/p>\n<p>T\u2019has preguntat alguna vegada si la teva postura \u00e9s correcta per prevenir lesions?, et fixes en com utilitzes la teva esquena en agafar un pes?, despr\u00e9s de mantenir una mateixa postura durant un llarg per\u00edode de temps, notes mol\u00e8sties en alguna zona concreta de l\u2019esquena? Fer aquestes reflexions ens ajudaran a prendre consci\u00e8ncia sobre la import\u00e0ncia de cuidar la nostra esquena.<\/p>\n<p><strong>L\u2019Escola d\u2019Esquena va rebre el Premi 2015 Guardons a les millors pr\u00e0ctiques del sector de la PRL en la categoria de Promoci\u00f3 (Foment del Treball Nacional).<\/strong><\/p>\n","protected":false},"excerpt":{"rendered":"<p>El nostre dia a dia est\u00e0 ple d\u2019exig\u00e8ncies f\u00edsiques que requereixen una resposta concreta del nostre cos. Aquestes exig\u00e8ncies es produeixen en tots els \u00e0mbits de la nostra vida quotidiana, tant en despla\u00e7ar-nos a la feina o executar tasques laborals espec\u00edfiques, com en les activitats familiars i d\u2019oci: cuidar als nens, dur a terme les [&hellip;]<\/p>\n","protected":false},"featured_media":2309,"template":"","meta":{"_acf_changed":false},"product_brand":[],"product_cat":[163],"product_tag":[],"class_list":{"0":"post-2201","1":"product","2":"type-product","3":"status-publish","4":"has-post-thumbnail","6":"product_cat-ergonomia-ca","8":"first","9":"instock","10":"virtual","11":"sold-individually","12":"purchasable","13":"product-type-simple"},"acf":[],"_links":{"self":[{"href":"https:\/\/mcm-dev.host3ip.eu\/ca\/wp-json\/wp\/v2\/product\/2201","targetHints":{"allow":["GET"]}}],"collection":[{"href":"https:\/\/mcm-dev.host3ip.eu\/ca\/wp-json\/wp\/v2\/product"}],"about":[{"href":"https:\/\/mcm-dev.host3ip.eu\/ca\/wp-json\/wp\/v2\/types\/product"}],"wp:featuredmedia":[{"embeddable":true,"href":"https:\/\/mcm-dev.host3ip.eu\/ca\/wp-json\/wp\/v2\/media\/2309"}],"wp:attachment":[{"href":"https:\/\/mcm-dev.host3ip.eu\/ca\/wp-json\/wp\/v2\/media?parent=2201"}],"wp:term":[{"taxonomy":"product_brand","embeddable":true,"href":"https:\/\/mcm-dev.host3ip.eu\/ca\/wp-json\/wp\/v2\/product_brand?post=2201"},{"taxonomy":"product_cat","embeddable":true,"href":"https:\/\/mcm-dev.host3ip.eu\/ca\/wp-json\/wp\/v2\/product_cat?post=2201"},{"taxonomy":"product_tag","embeddable":true,"href":"https:\/\/mcm-dev.host3ip.eu\/ca\/wp-json\/wp\/v2\/product_tag?post=2201"}],"curies":[{"name":"wp","href":"https:\/\/api.w.org\/{rel}","templated":true}]}}