{"id":2205,"date":"2021-02-25T09:37:10","date_gmt":"2021-02-25T09:37:10","guid":{"rendered":"https:\/\/pre.mc-mutual.3ip.eu\/?post_type=product&#038;p=2205"},"modified":"2022-02-01T08:57:51","modified_gmt":"2022-02-01T08:57:51","slug":"riscos-biologics-en-el-sector-sanitari","status":"publish","type":"product","link":"https:\/\/mcm-dev.host3ip.eu\/ca\/product\/riscos-biologics-en-el-sector-sanitari\/","title":{"rendered":"Riscos biol\u00f2gics en el sector sanitari"},"content":{"rendered":"<p>Els professionals sanitaris desenvolupen la seva feina en un dels sectors on l\u2019exposici\u00f3 a agents biol\u00f2gics \u00e9s m\u00e9s evident. Per aix\u00f2, \u00e9s imprescindible que els seus treballadors i treballadores rebin peri\u00f2dicament informaci\u00f3 i formaci\u00f3 que els serveixi de reciclatge i els permeti ser m\u00e9s conscients del risc, i per saber com prevenir-ho.<\/p>\n<p>Quan parlem de risc biol\u00f2gic ens referim a l\u2019exposici\u00f3 a virus, bacteris, fongs, par\u00e0sits, etc., capa\u00e7os de provocar malaltia, al\u00b7l\u00e8rgia o toxicitat en el treballador o treballadora. Per\u00f2, aquests han de saber que pel sol fet que hi hagi agents biol\u00f2gics en l\u2019ambient de treball no implica necess\u00e0riament l\u2019exposici\u00f3. Hi ha molts factors que entren en joc, i que estan al seu abast perqu\u00e8 no es produeixi la infecci\u00f3. Mitjan\u00e7ant aquest curs donarem a con\u00e8ixer aquests factors perqu\u00e8 els puguin aplicar.<\/p>\n","protected":false},"excerpt":{"rendered":"<p>Els professionals sanitaris desenvolupen la seva feina en un dels sectors on l\u2019exposici\u00f3 a agents biol\u00f2gics \u00e9s m\u00e9s evident. Per aix\u00f2, \u00e9s imprescindible que els seus treballadors i treballadores rebin peri\u00f2dicament informaci\u00f3 i formaci\u00f3 que els serveixi de reciclatge i els permeti ser m\u00e9s conscients del risc, i per saber com prevenir-ho. Quan parlem de [&hellip;]<\/p>\n","protected":false},"featured_media":2277,"template":"","meta":{"_acf_changed":false},"product_brand":[],"product_cat":[166],"product_tag":[],"class_list":{"0":"post-2205","1":"product","2":"type-product","3":"status-publish","4":"has-post-thumbnail","6":"product_cat-seguridad-e-higiene-ca","8":"first","9":"instock","10":"virtual","11":"sold-individually","12":"purchasable","13":"product-type-simple"},"acf":[],"_links":{"self":[{"href":"https:\/\/mcm-dev.host3ip.eu\/ca\/wp-json\/wp\/v2\/product\/2205","targetHints":{"allow":["GET"]}}],"collection":[{"href":"https:\/\/mcm-dev.host3ip.eu\/ca\/wp-json\/wp\/v2\/product"}],"about":[{"href":"https:\/\/mcm-dev.host3ip.eu\/ca\/wp-json\/wp\/v2\/types\/product"}],"wp:featuredmedia":[{"embeddable":true,"href":"https:\/\/mcm-dev.host3ip.eu\/ca\/wp-json\/wp\/v2\/media\/2277"}],"wp:attachment":[{"href":"https:\/\/mcm-dev.host3ip.eu\/ca\/wp-json\/wp\/v2\/media?parent=2205"}],"wp:term":[{"taxonomy":"product_brand","embeddable":true,"href":"https:\/\/mcm-dev.host3ip.eu\/ca\/wp-json\/wp\/v2\/product_brand?post=2205"},{"taxonomy":"product_cat","embeddable":true,"href":"https:\/\/mcm-dev.host3ip.eu\/ca\/wp-json\/wp\/v2\/product_cat?post=2205"},{"taxonomy":"product_tag","embeddable":true,"href":"https:\/\/mcm-dev.host3ip.eu\/ca\/wp-json\/wp\/v2\/product_tag?post=2205"}],"curies":[{"name":"wp","href":"https:\/\/api.w.org\/{rel}","templated":true}]}}