{"id":2207,"date":"2021-02-25T09:38:12","date_gmt":"2021-02-25T09:38:12","guid":{"rendered":"https:\/\/pre.mc-mutual.3ip.eu\/?post_type=product&#038;p=2207"},"modified":"2021-03-22T08:39:57","modified_gmt":"2021-03-22T08:39:57","slug":"prevencio-i-extincio-dincendis","status":"publish","type":"product","link":"https:\/\/mcm-dev.host3ip.eu\/ca\/product\/prevencio-i-extincio-dincendis\/","title":{"rendered":"Prevenci\u00f3 i extinci\u00f3 d&#8217;incendis"},"content":{"rendered":"<p>La gran quantitat de sinistres que es produeixen i l\u2019elevat percentatge de p\u00e8rdues humanes i materials que normalment ocasionen els incendis, obliga a considerar en profunditat el problema de la lluita contra incendis. Hi ha la necessitat de ressaltar les situacions de riscos d\u2019incendi i prendre les mesures oportunes per a la seva prevenci\u00f3.<\/p>\n<p>Perqu\u00e8 hi hagi una combusti\u00f3 (foc) \u00e9s necess\u00e0ria la pres\u00e8ncia simult\u00e0nia de tres elements: l\u2019oxigen, el combustible i el focus d\u2019ignici\u00f3. Eliminant qualsevol dels elements del triangle evitarem incendi.<\/p>\n","protected":false},"excerpt":{"rendered":"<p>La gran quantitat de sinistres que es produeixen i l\u2019elevat percentatge de p\u00e8rdues humanes i materials que normalment ocasionen els incendis, obliga a considerar en profunditat el problema de la lluita contra incendis. Hi ha la necessitat de ressaltar les situacions de riscos d\u2019incendi i prendre les mesures oportunes per a la seva prevenci\u00f3. Perqu\u00e8 [&hellip;]<\/p>\n","protected":false},"featured_media":2323,"template":"","meta":{"_acf_changed":false},"product_brand":[],"product_cat":[166],"product_tag":[],"class_list":{"0":"post-2207","1":"product","2":"type-product","3":"status-publish","4":"has-post-thumbnail","6":"product_cat-seguridad-e-higiene-ca","8":"first","9":"instock","10":"virtual","11":"sold-individually","12":"purchasable","13":"product-type-simple"},"acf":[],"_links":{"self":[{"href":"https:\/\/mcm-dev.host3ip.eu\/ca\/wp-json\/wp\/v2\/product\/2207","targetHints":{"allow":["GET"]}}],"collection":[{"href":"https:\/\/mcm-dev.host3ip.eu\/ca\/wp-json\/wp\/v2\/product"}],"about":[{"href":"https:\/\/mcm-dev.host3ip.eu\/ca\/wp-json\/wp\/v2\/types\/product"}],"wp:featuredmedia":[{"embeddable":true,"href":"https:\/\/mcm-dev.host3ip.eu\/ca\/wp-json\/wp\/v2\/media\/2323"}],"wp:attachment":[{"href":"https:\/\/mcm-dev.host3ip.eu\/ca\/wp-json\/wp\/v2\/media?parent=2207"}],"wp:term":[{"taxonomy":"product_brand","embeddable":true,"href":"https:\/\/mcm-dev.host3ip.eu\/ca\/wp-json\/wp\/v2\/product_brand?post=2207"},{"taxonomy":"product_cat","embeddable":true,"href":"https:\/\/mcm-dev.host3ip.eu\/ca\/wp-json\/wp\/v2\/product_cat?post=2207"},{"taxonomy":"product_tag","embeddable":true,"href":"https:\/\/mcm-dev.host3ip.eu\/ca\/wp-json\/wp\/v2\/product_tag?post=2207"}],"curies":[{"name":"wp","href":"https:\/\/api.w.org\/{rel}","templated":true}]}}