{"id":2208,"date":"2021-02-25T09:39:12","date_gmt":"2021-02-25T09:39:12","guid":{"rendered":"https:\/\/pre.mc-mutual.3ip.eu\/?post_type=product&#038;p=2208"},"modified":"2022-02-01T13:34:07","modified_gmt":"2022-02-01T13:34:07","slug":"sensibilitzacio-en-prevencio-de-riscos-laborals-en-treballs-en-instal%c2%b7lacions-electriques","status":"publish","type":"product","link":"https:\/\/mcm-dev.host3ip.eu\/ca\/product\/sensibilitzacio-en-prevencio-de-riscos-laborals-en-treballs-en-instal%c2%b7lacions-electriques\/","title":{"rendered":"Sensibilitzaci\u00f3 en prevenci\u00f3 de riscos laborals en treballs en instal\u00b7lacions el\u00e8ctriques"},"content":{"rendered":"<p>Tota empresa, independentment de la seva activitat, disposa d\u2019instal\u00b7lacions, aparells i equips el\u00e8ctrics, que poden donar lloc al fet que ocorrin accidents d\u2019origen el\u00e8ctric.<\/p>\n<p>L\u2019energia que circula per les instal\u00b7lacions el\u00e8ctriques \u00e9s summament poderosa. El pas de corrent el\u00e8ctric pel cos hum\u00e0 pot produir una \u00e0mplia gamma de lesions, i les conseq\u00fc\u00e8ncies, depenen de la intensitat del corrent, del temps d\u2019exposici\u00f3 i del recorregut de l\u2019electricitat pel cos.<\/p>\n<p>Tot i que els accidents de tipus el\u00e8ctric no s\u00f3n molt nombrosos, s\u00ed que \u00e9s veritat que en la majoria dels casos les lesions s\u00f3n molt greus o mortals.<\/p>\n","protected":false},"excerpt":{"rendered":"<p>Tota empresa, independentment de la seva activitat, disposa d\u2019instal\u00b7lacions, aparells i equips el\u00e8ctrics, que poden donar lloc al fet que ocorrin accidents d\u2019origen el\u00e8ctric. L\u2019energia que circula per les instal\u00b7lacions el\u00e8ctriques \u00e9s summament poderosa. El pas de corrent el\u00e8ctric pel cos hum\u00e0 pot produir una \u00e0mplia gamma de lesions, i les conseq\u00fc\u00e8ncies, depenen de la [&hellip;]<\/p>\n","protected":false},"featured_media":2275,"template":"","meta":{"_acf_changed":false},"product_brand":[],"product_cat":[166],"product_tag":[],"class_list":{"0":"post-2208","1":"product","2":"type-product","3":"status-publish","4":"has-post-thumbnail","6":"product_cat-seguridad-e-higiene-ca","8":"first","9":"instock","10":"virtual","11":"sold-individually","12":"purchasable","13":"product-type-simple"},"acf":[],"_links":{"self":[{"href":"https:\/\/mcm-dev.host3ip.eu\/ca\/wp-json\/wp\/v2\/product\/2208","targetHints":{"allow":["GET"]}}],"collection":[{"href":"https:\/\/mcm-dev.host3ip.eu\/ca\/wp-json\/wp\/v2\/product"}],"about":[{"href":"https:\/\/mcm-dev.host3ip.eu\/ca\/wp-json\/wp\/v2\/types\/product"}],"wp:featuredmedia":[{"embeddable":true,"href":"https:\/\/mcm-dev.host3ip.eu\/ca\/wp-json\/wp\/v2\/media\/2275"}],"wp:attachment":[{"href":"https:\/\/mcm-dev.host3ip.eu\/ca\/wp-json\/wp\/v2\/media?parent=2208"}],"wp:term":[{"taxonomy":"product_brand","embeddable":true,"href":"https:\/\/mcm-dev.host3ip.eu\/ca\/wp-json\/wp\/v2\/product_brand?post=2208"},{"taxonomy":"product_cat","embeddable":true,"href":"https:\/\/mcm-dev.host3ip.eu\/ca\/wp-json\/wp\/v2\/product_cat?post=2208"},{"taxonomy":"product_tag","embeddable":true,"href":"https:\/\/mcm-dev.host3ip.eu\/ca\/wp-json\/wp\/v2\/product_tag?post=2208"}],"curies":[{"name":"wp","href":"https:\/\/api.w.org\/{rel}","templated":true}]}}