{"id":2212,"date":"2021-02-25T09:26:40","date_gmt":"2021-02-25T09:26:40","guid":{"rendered":"https:\/\/pre.mc-mutual.3ip.eu\/?post_type=product&#038;p=2212"},"modified":"2022-01-31T14:05:32","modified_gmt":"2022-01-31T14:05:32","slug":"prevencio-de-riscos-en-la-conduccio-conceptes-basics","status":"publish","type":"product","link":"https:\/\/mcm-dev.host3ip.eu\/ca\/product\/prevencio-de-riscos-en-la-conduccio-conceptes-basics\/","title":{"rendered":"Prevenci\u00f3 de riscos en la conducci\u00f3. Conceptes b\u00e0sics"},"content":{"rendered":"<p>Des que es contempla la seguretat vi\u00e0ria, sempre s\u2019han considerat que s\u00f3n tres els factors o elements que intervenen en el tr\u00e0nsit i que s\u00f3n: el conductor, el vehicle i la via. D\u2019aquests tres elements, les persones (el conductor), s\u00f3n les \u00faniques que poden prendre decisions i actuar d\u2019acord amb la situaci\u00f3, de les circumst\u00e0ncies i dels altres dos elements. Del seu comportament dep\u00e8n la seguretat de la persona, com a conductor, del viatger o del vianant.<\/p>\n<p>Els tres factors estan \u00edntimament relacionats. La naturalesa pluricausal dels accidents de tr\u00e0nsit ens ha de fer contemplar-los atenent un nombre plural de factors. No obstant aix\u00f2, les investigacions i les estad\u00edstiques apunten al factor hum\u00e0 com a desencadenant de la major part dels accidents: exc\u00e9s de velocitat, distraccions, conducci\u00f3 inadequada, etc.<\/p>\n<p>Con\u00e8ixer i destacar els riscos associats a la conducci\u00f3 \u00e9s el primer pas per evitar accidents i malalties professionals, aix\u00ed com fer de la conducci\u00f3 una activitat m\u00e9s segura i confortable.<\/p>\n","protected":false},"excerpt":{"rendered":"<p>Des que es contempla la seguretat vi\u00e0ria, sempre s\u2019han considerat que s\u00f3n tres els factors o elements que intervenen en el tr\u00e0nsit i que s\u00f3n: el conductor, el vehicle i la via. D\u2019aquests tres elements, les persones (el conductor), s\u00f3n les \u00faniques que poden prendre decisions i actuar d\u2019acord amb la situaci\u00f3, de les circumst\u00e0ncies [&hellip;]<\/p>\n","protected":false},"featured_media":2327,"template":"","meta":{"_acf_changed":false},"product_brand":[],"product_cat":[166],"product_tag":[],"class_list":{"0":"post-2212","1":"product","2":"type-product","3":"status-publish","4":"has-post-thumbnail","6":"product_cat-seguridad-e-higiene-ca","8":"first","9":"instock","10":"virtual","11":"sold-individually","12":"purchasable","13":"product-type-simple"},"acf":[],"_links":{"self":[{"href":"https:\/\/mcm-dev.host3ip.eu\/ca\/wp-json\/wp\/v2\/product\/2212","targetHints":{"allow":["GET"]}}],"collection":[{"href":"https:\/\/mcm-dev.host3ip.eu\/ca\/wp-json\/wp\/v2\/product"}],"about":[{"href":"https:\/\/mcm-dev.host3ip.eu\/ca\/wp-json\/wp\/v2\/types\/product"}],"wp:featuredmedia":[{"embeddable":true,"href":"https:\/\/mcm-dev.host3ip.eu\/ca\/wp-json\/wp\/v2\/media\/2327"}],"wp:attachment":[{"href":"https:\/\/mcm-dev.host3ip.eu\/ca\/wp-json\/wp\/v2\/media?parent=2212"}],"wp:term":[{"taxonomy":"product_brand","embeddable":true,"href":"https:\/\/mcm-dev.host3ip.eu\/ca\/wp-json\/wp\/v2\/product_brand?post=2212"},{"taxonomy":"product_cat","embeddable":true,"href":"https:\/\/mcm-dev.host3ip.eu\/ca\/wp-json\/wp\/v2\/product_cat?post=2212"},{"taxonomy":"product_tag","embeddable":true,"href":"https:\/\/mcm-dev.host3ip.eu\/ca\/wp-json\/wp\/v2\/product_tag?post=2212"}],"curies":[{"name":"wp","href":"https:\/\/api.w.org\/{rel}","templated":true}]}}