{"id":2217,"date":"2021-02-25T09:12:07","date_gmt":"2021-02-25T09:12:07","guid":{"rendered":"https:\/\/pre.mc-mutual.3ip.eu\/?post_type=product&#038;p=2217"},"modified":"2022-01-31T13:53:04","modified_gmt":"2022-01-31T13:53:04","slug":"pantalles-de-visualitzacio-de-dades","status":"publish","type":"product","link":"https:\/\/mcm-dev.host3ip.eu\/ca\/product\/pantalles-de-visualitzacio-de-dades\/","title":{"rendered":"Pantalles de visualitzaci\u00f3 de dades"},"content":{"rendered":"<p>Treballar correctament davant de l\u2019ordinador ajuda a prevenir mol\u00e8sties visuals i musculoesquel\u00e8tiques que actualment constitueixen un dels principals problemes de salut d\u2019origen laboral a Europa.<\/p>\n<p>En el present curs es donen a con\u00e8ixer els principals factors de risc del treball amb ordinadors i dispositius port\u00e0tils, tot indicant les mesures preventives per a evitar mol\u00e8sties relacionades amb l\u2019\u00fas d\u2019aquest.<br \/>\nRealitzar les adaptacions ergon\u00f2miques necess\u00e0ries en els nostres llocs de treball aix\u00ed com adoptar postures correctes poden ajudar a prevenir l\u2019aparici\u00f3 d\u2019aquestes mol\u00e8sties.<\/p>\n","protected":false},"excerpt":{"rendered":"<p>Treballar correctament davant de l\u2019ordinador ajuda a prevenir mol\u00e8sties visuals i musculoesquel\u00e8tiques que actualment constitueixen un dels principals problemes de salut d\u2019origen laboral a Europa. En el present curs es donen a con\u00e8ixer els principals factors de risc del treball amb ordinadors i dispositius port\u00e0tils, tot indicant les mesures preventives per a evitar mol\u00e8sties relacionades [&hellip;]<\/p>\n","protected":false},"featured_media":2301,"template":"","meta":{"_acf_changed":false},"product_brand":[],"product_cat":[163],"product_tag":[],"class_list":{"0":"post-2217","1":"product","2":"type-product","3":"status-publish","4":"has-post-thumbnail","6":"product_cat-ergonomia-ca","8":"first","9":"instock","10":"virtual","11":"sold-individually","12":"purchasable","13":"product-type-simple"},"acf":[],"_links":{"self":[{"href":"https:\/\/mcm-dev.host3ip.eu\/ca\/wp-json\/wp\/v2\/product\/2217","targetHints":{"allow":["GET"]}}],"collection":[{"href":"https:\/\/mcm-dev.host3ip.eu\/ca\/wp-json\/wp\/v2\/product"}],"about":[{"href":"https:\/\/mcm-dev.host3ip.eu\/ca\/wp-json\/wp\/v2\/types\/product"}],"wp:featuredmedia":[{"embeddable":true,"href":"https:\/\/mcm-dev.host3ip.eu\/ca\/wp-json\/wp\/v2\/media\/2301"}],"wp:attachment":[{"href":"https:\/\/mcm-dev.host3ip.eu\/ca\/wp-json\/wp\/v2\/media?parent=2217"}],"wp:term":[{"taxonomy":"product_brand","embeddable":true,"href":"https:\/\/mcm-dev.host3ip.eu\/ca\/wp-json\/wp\/v2\/product_brand?post=2217"},{"taxonomy":"product_cat","embeddable":true,"href":"https:\/\/mcm-dev.host3ip.eu\/ca\/wp-json\/wp\/v2\/product_cat?post=2217"},{"taxonomy":"product_tag","embeddable":true,"href":"https:\/\/mcm-dev.host3ip.eu\/ca\/wp-json\/wp\/v2\/product_tag?post=2217"}],"curies":[{"name":"wp","href":"https:\/\/api.w.org\/{rel}","templated":true}]}}