{"id":2219,"date":"2021-02-25T09:13:16","date_gmt":"2021-02-25T09:13:16","guid":{"rendered":"https:\/\/pre.mc-mutual.3ip.eu\/?post_type=product&#038;p=2219"},"modified":"2022-01-31T12:18:49","modified_gmt":"2022-01-31T12:18:49","slug":"diversitat-i-rsc","status":"publish","type":"product","link":"https:\/\/mcm-dev.host3ip.eu\/ca\/product\/diversitat-i-rsc\/","title":{"rendered":"Diversitat i RSC"},"content":{"rendered":"<p>Un dels grans desafiaments per a les empreses \u00e9s desenvolupar una cultura organitzativa, tenint en compte la diversitat que pugui existir en ella. Una gesti\u00f3 \u00f2ptima de la diversitat permet acceptar i aprofitar les difer\u00e8ncies i semblances com a potencial en una organitzaci\u00f3.<\/p>\n<p>Aplicar les estrat\u00e8gies adequades, aix\u00ed com informar a tots els treballadors sobre els valors i principis que busquen el b\u00e9 com\u00fa, ajudar\u00e0 a afavorir conductes \u00e8tiques i a dur a terme una adequada Responsabilitat Social Individual (RSI) dins de l\u2019empresa.<\/p>\n","protected":false},"excerpt":{"rendered":"<p>Un dels grans desafiaments per a les empreses \u00e9s desenvolupar una cultura organitzativa, tenint en compte la diversitat que pugui existir en ella. Una gesti\u00f3 \u00f2ptima de la diversitat permet acceptar i aprofitar les difer\u00e8ncies i semblances com a potencial en una organitzaci\u00f3. Aplicar les estrat\u00e8gies adequades, aix\u00ed com informar a tots els treballadors sobre [&hellip;]<\/p>\n","protected":false},"featured_media":2281,"template":"","meta":{"_acf_changed":false},"product_brand":[],"product_cat":[169],"product_tag":[],"class_list":{"0":"post-2219","1":"product","2":"type-product","3":"status-publish","4":"has-post-thumbnail","6":"product_cat-psicosociologia-aplicada-ca","8":"first","9":"instock","10":"virtual","11":"sold-individually","12":"purchasable","13":"product-type-simple"},"acf":[],"_links":{"self":[{"href":"https:\/\/mcm-dev.host3ip.eu\/ca\/wp-json\/wp\/v2\/product\/2219","targetHints":{"allow":["GET"]}}],"collection":[{"href":"https:\/\/mcm-dev.host3ip.eu\/ca\/wp-json\/wp\/v2\/product"}],"about":[{"href":"https:\/\/mcm-dev.host3ip.eu\/ca\/wp-json\/wp\/v2\/types\/product"}],"wp:featuredmedia":[{"embeddable":true,"href":"https:\/\/mcm-dev.host3ip.eu\/ca\/wp-json\/wp\/v2\/media\/2281"}],"wp:attachment":[{"href":"https:\/\/mcm-dev.host3ip.eu\/ca\/wp-json\/wp\/v2\/media?parent=2219"}],"wp:term":[{"taxonomy":"product_brand","embeddable":true,"href":"https:\/\/mcm-dev.host3ip.eu\/ca\/wp-json\/wp\/v2\/product_brand?post=2219"},{"taxonomy":"product_cat","embeddable":true,"href":"https:\/\/mcm-dev.host3ip.eu\/ca\/wp-json\/wp\/v2\/product_cat?post=2219"},{"taxonomy":"product_tag","embeddable":true,"href":"https:\/\/mcm-dev.host3ip.eu\/ca\/wp-json\/wp\/v2\/product_tag?post=2219"}],"curies":[{"name":"wp","href":"https:\/\/api.w.org\/{rel}","templated":true}]}}