{"id":2223,"date":"2021-02-25T09:15:14","date_gmt":"2021-02-25T09:15:14","guid":{"rendered":"https:\/\/pre.mc-mutual.3ip.eu\/?post_type=product&#038;p=2223"},"modified":"2021-03-23T10:53:23","modified_gmt":"2021-03-23T10:53:23","slug":"sensibilitzacio-en-prevencio-de-riscos-laborals-manipulacio-manual-de-carregues-conceptes-basics","status":"publish","type":"product","link":"https:\/\/mcm-dev.host3ip.eu\/ca\/product\/sensibilitzacio-en-prevencio-de-riscos-laborals-manipulacio-manual-de-carregues-conceptes-basics\/","title":{"rendered":"Manipulaci\u00f3 manual de c\u00e0rregues. Conceptes b\u00e0sics"},"content":{"rendered":"<p>La manipulaci\u00f3 manual de c\u00e0rregues \u00e9s una tasca que sol estar present en molts sectors d\u2019activitat, des de l\u2019agrari fins al sector sanitari, passant per la construcci\u00f3 i per tot tipus d\u2019Ind\u00fastries i serveis. Fins i tot en aquelles ind\u00fastries on es disposa de mitjans mec\u00e0nics per al transport de materials, per exemple grues o cintes transportadores, en determinats moments caldr\u00e0 aplicar l\u2019esfor\u00e7 hum\u00e0 per moure un objecte o posar-lo a la seva posici\u00f3 definitiva.<\/p>\n<p>Quan parlem de manipulaci\u00f3 manual de c\u00e0rregues ens referim a qualsevol operaci\u00f3 de transport o subjecci\u00f3 d\u2019una c\u00e0rrega per part d\u2019un o diversos treballadors, com l\u2019aixecament, la col\u2022locaci\u00f3 , l\u2019empenta, la tracci\u00f3 o el despla\u00e7ament, que per les seves caracter\u00edstiques o condicions ergon\u00f2miques inadequades comporti riscos.<br \/>\nAquestes tasques no inclouen nom\u00e9s la manipulaci\u00f3 d\u2019objectes imm\u00f2bils, com caixes o sacs, sin\u00f3 tamb\u00e9 la manipulaci\u00f3 de persones (com els pacients en un hospital) i d\u2019animals (per exemple en una granja o en una cl\u00ednica veterin\u00e0ria).<\/p>\n<p>Per tot aix\u00f2, \u00e9s fonamental que tots aquells treballadors que durant la seva activitat di\u00e0ria han d\u2019aixecar o transportar c\u00e0rregues de forma manual apliquin un seguit de mesures preventives encaminades a prevenir els riscos anteriors.<\/p>\n","protected":false},"excerpt":{"rendered":"<p>La manipulaci\u00f3 manual de c\u00e0rregues \u00e9s una tasca que sol estar present en molts sectors d\u2019activitat, des de l\u2019agrari fins al sector sanitari, passant per la construcci\u00f3 i per tot tipus d\u2019Ind\u00fastries i serveis. Fins i tot en aquelles ind\u00fastries on es disposa de mitjans mec\u00e0nics per al transport de materials, per exemple grues o [&hellip;]<\/p>\n","protected":false},"featured_media":2303,"template":"","meta":{"_acf_changed":false},"product_brand":[],"product_cat":[163],"product_tag":[],"class_list":{"0":"post-2223","1":"product","2":"type-product","3":"status-publish","4":"has-post-thumbnail","6":"product_cat-ergonomia-ca","8":"first","9":"instock","10":"virtual","11":"sold-individually","12":"purchasable","13":"product-type-simple"},"acf":[],"_links":{"self":[{"href":"https:\/\/mcm-dev.host3ip.eu\/ca\/wp-json\/wp\/v2\/product\/2223","targetHints":{"allow":["GET"]}}],"collection":[{"href":"https:\/\/mcm-dev.host3ip.eu\/ca\/wp-json\/wp\/v2\/product"}],"about":[{"href":"https:\/\/mcm-dev.host3ip.eu\/ca\/wp-json\/wp\/v2\/types\/product"}],"wp:featuredmedia":[{"embeddable":true,"href":"https:\/\/mcm-dev.host3ip.eu\/ca\/wp-json\/wp\/v2\/media\/2303"}],"wp:attachment":[{"href":"https:\/\/mcm-dev.host3ip.eu\/ca\/wp-json\/wp\/v2\/media?parent=2223"}],"wp:term":[{"taxonomy":"product_brand","embeddable":true,"href":"https:\/\/mcm-dev.host3ip.eu\/ca\/wp-json\/wp\/v2\/product_brand?post=2223"},{"taxonomy":"product_cat","embeddable":true,"href":"https:\/\/mcm-dev.host3ip.eu\/ca\/wp-json\/wp\/v2\/product_cat?post=2223"},{"taxonomy":"product_tag","embeddable":true,"href":"https:\/\/mcm-dev.host3ip.eu\/ca\/wp-json\/wp\/v2\/product_tag?post=2223"}],"curies":[{"name":"wp","href":"https:\/\/api.w.org\/{rel}","templated":true}]}}