{"id":2224,"date":"2021-03-04T10:18:41","date_gmt":"2021-03-04T10:18:41","guid":{"rendered":"https:\/\/pre.mc-mutual.3ip.eu\/?post_type=product&#038;p=2224"},"modified":"2024-01-24T02:00:26","modified_gmt":"2024-01-24T02:00:26","slug":"gestio-de-situacions-de-violencia-laboral","status":"publish","type":"product","link":"https:\/\/mcm-dev.host3ip.eu\/ca\/product\/gestio-de-situacions-de-violencia-laboral\/","title":{"rendered":"Gesti\u00f3 de situacions de Viol\u00e8ncia Laboral Externa"},"content":{"rendered":"<p>La viol\u00e8ncia al lloc de treball \u00e9s un fenomen creixent d\u2019origen multifactorial, en el qual influeixen les pressions laborals, la inestabilitat social, els comportaments cada vegada m\u00e9s intolerants de la societat actual i la deterioraci\u00f3 de les relacions personals.<\/p>\n<p>Aix\u00ed doncs, l\u2019expansi\u00f3 del sector serveis, juntament amb les noves formes d\u2019organitzaci\u00f3, suposa un augment de les relacions interpersonals, no nom\u00e9s entre el personal de la mateixa organitzaci\u00f3, sin\u00f3 tamb\u00e9 entre els treballadors i tota mena de persones alienes a l\u2019organitzaci\u00f3: prove\u00efdors, usuaris, clients, pacients, alumnes, etc.<\/p>\n<p>Generalment, el marc d\u2019aquestes relacions es regeix dins l\u2019\u00e0mbit professional, per\u00f2, en alguns casos, pot comportar situacions de conflicte que deriven en viol\u00e8ncia laboral.<\/p>\n","protected":false},"excerpt":{"rendered":"<p>La viol\u00e8ncia al lloc de treball \u00e9s un fenomen creixent d\u2019origen multifactorial, en el qual influeixen les pressions laborals, la inestabilitat social, els comportaments cada vegada m\u00e9s intolerants de la societat actual i la deterioraci\u00f3 de les relacions personals. Aix\u00ed doncs, l\u2019expansi\u00f3 del sector serveis, juntament amb les noves formes d\u2019organitzaci\u00f3, suposa un augment de [&hellip;]<\/p>\n","protected":false},"featured_media":2579,"template":"","meta":{"_acf_changed":false},"product_brand":[],"product_cat":[169],"product_tag":[],"class_list":{"0":"post-2224","1":"product","2":"type-product","3":"status-publish","4":"has-post-thumbnail","6":"product_cat-psicosociologia-aplicada-ca","8":"first","9":"instock","10":"virtual","11":"sold-individually","12":"purchasable","13":"product-type-simple"},"acf":[],"_links":{"self":[{"href":"https:\/\/mcm-dev.host3ip.eu\/ca\/wp-json\/wp\/v2\/product\/2224","targetHints":{"allow":["GET"]}}],"collection":[{"href":"https:\/\/mcm-dev.host3ip.eu\/ca\/wp-json\/wp\/v2\/product"}],"about":[{"href":"https:\/\/mcm-dev.host3ip.eu\/ca\/wp-json\/wp\/v2\/types\/product"}],"wp:featuredmedia":[{"embeddable":true,"href":"https:\/\/mcm-dev.host3ip.eu\/ca\/wp-json\/wp\/v2\/media\/2579"}],"wp:attachment":[{"href":"https:\/\/mcm-dev.host3ip.eu\/ca\/wp-json\/wp\/v2\/media?parent=2224"}],"wp:term":[{"taxonomy":"product_brand","embeddable":true,"href":"https:\/\/mcm-dev.host3ip.eu\/ca\/wp-json\/wp\/v2\/product_brand?post=2224"},{"taxonomy":"product_cat","embeddable":true,"href":"https:\/\/mcm-dev.host3ip.eu\/ca\/wp-json\/wp\/v2\/product_cat?post=2224"},{"taxonomy":"product_tag","embeddable":true,"href":"https:\/\/mcm-dev.host3ip.eu\/ca\/wp-json\/wp\/v2\/product_tag?post=2224"}],"curies":[{"name":"wp","href":"https:\/\/api.w.org\/{rel}","templated":true}]}}