{"id":2225,"date":"2021-02-25T09:17:46","date_gmt":"2021-02-25T09:17:46","guid":{"rendered":"https:\/\/pre.mc-mutual.3ip.eu\/?post_type=product&#038;p=2225"},"modified":"2022-01-31T12:59:17","modified_gmt":"2022-01-31T12:59:17","slug":"gestio-de-lassetjament-laboral","status":"publish","type":"product","link":"https:\/\/mcm-dev.host3ip.eu\/ca\/product\/gestio-de-lassetjament-laboral\/","title":{"rendered":"Gesti\u00f3 de l&#8217;assetjament laboral"},"content":{"rendered":"<p>Les relacions socials a la feina s\u00f3n una font de satisfacci\u00f3 per a les persones, ja que donen resposta a les necessitats socials, en permetre relacionar-se amb altres persones i integrar-se a l\u2019organitzaci\u00f3. A m\u00e9s a m\u00e9s, poden ser moderadores de situacions estressants, pel fet que en certa manera s\u00f3n una via per oferir suport social.<\/p>\n<p>Malgrat aix\u00f2, unes relacions inadequades no nom\u00e9s no compleixen aquestes finalitats sin\u00f3 que poden ser, en si mateixes, una causa d\u2019estr\u00e8s. Si no es gestionen correctament, els conflictes interpersonals poden suposar un risc per a la salut dels treballadors, i fins i tot derivar en situacions de viol\u00e8ncia laboral com \u00e9s l\u2019assetjament psicol\u00f2gic i sexual o la discriminaci\u00f3 per ra\u00f3 de sexe.<\/p>\n<p>L\u2019objectiu d\u2019aquesta activitat de sensibilitzaci\u00f3 \u00e9s donar a con\u00e8ixer els diferents conceptes de viol\u00e8ncia laboral, per aprendre a recon\u00e8ixer quan un treballar pot estar patint viol\u00e8ncia laboral, o pot estar vivint una situaci\u00f3 d\u2019assetjament psicol\u00f2gic o sexual a la feina.<\/p>\n","protected":false},"excerpt":{"rendered":"<p>Les relacions socials a la feina s\u00f3n una font de satisfacci\u00f3 per a les persones, ja que donen resposta a les necessitats socials, en permetre relacionar-se amb altres persones i integrar-se a l\u2019organitzaci\u00f3. A m\u00e9s a m\u00e9s, poden ser moderadores de situacions estressants, pel fet que en certa manera s\u00f3n una via per oferir suport [&hellip;]<\/p>\n","protected":false},"featured_media":2273,"template":"","meta":{"_acf_changed":false},"product_brand":[],"product_cat":[169],"product_tag":[],"class_list":{"0":"post-2225","1":"product","2":"type-product","3":"status-publish","4":"has-post-thumbnail","6":"product_cat-psicosociologia-aplicada-ca","8":"first","9":"instock","10":"featured","11":"virtual","12":"sold-individually","13":"purchasable","14":"product-type-simple"},"acf":[],"_links":{"self":[{"href":"https:\/\/mcm-dev.host3ip.eu\/ca\/wp-json\/wp\/v2\/product\/2225","targetHints":{"allow":["GET"]}}],"collection":[{"href":"https:\/\/mcm-dev.host3ip.eu\/ca\/wp-json\/wp\/v2\/product"}],"about":[{"href":"https:\/\/mcm-dev.host3ip.eu\/ca\/wp-json\/wp\/v2\/types\/product"}],"wp:featuredmedia":[{"embeddable":true,"href":"https:\/\/mcm-dev.host3ip.eu\/ca\/wp-json\/wp\/v2\/media\/2273"}],"wp:attachment":[{"href":"https:\/\/mcm-dev.host3ip.eu\/ca\/wp-json\/wp\/v2\/media?parent=2225"}],"wp:term":[{"taxonomy":"product_brand","embeddable":true,"href":"https:\/\/mcm-dev.host3ip.eu\/ca\/wp-json\/wp\/v2\/product_brand?post=2225"},{"taxonomy":"product_cat","embeddable":true,"href":"https:\/\/mcm-dev.host3ip.eu\/ca\/wp-json\/wp\/v2\/product_cat?post=2225"},{"taxonomy":"product_tag","embeddable":true,"href":"https:\/\/mcm-dev.host3ip.eu\/ca\/wp-json\/wp\/v2\/product_tag?post=2225"}],"curies":[{"name":"wp","href":"https:\/\/api.w.org\/{rel}","templated":true}]}}