{"id":2226,"date":"2021-02-25T09:19:18","date_gmt":"2021-02-25T09:19:18","guid":{"rendered":"https:\/\/pre.mc-mutual.3ip.eu\/?post_type=product&#038;p=2226"},"modified":"2022-02-01T13:25:40","modified_gmt":"2022-02-01T13:25:40","slug":"sensibilitzacio-en-prevencio-de-riscos-laborals-en-treballs-a-les-caixes-en-superficies-comercials","status":"publish","type":"product","link":"https:\/\/mcm-dev.host3ip.eu\/ca\/product\/sensibilitzacio-en-prevencio-de-riscos-laborals-en-treballs-a-les-caixes-en-superficies-comercials\/","title":{"rendered":"Sensibilitzaci\u00f3 en prevenci\u00f3 de riscos laborals en treballs a les caixes en superf\u00edcies comercials"},"content":{"rendered":"<p>Actualment, en la majoria d\u2019establiments comercials, independentment del seu format, hi ha llocs de caixer i caixera ocupats per treballadors que es dediquen a aquesta activitat la jornada completa o part d&#8217;aquesta.<\/p>\n<p>\u00c9s, per aquest motiu, que els treballadors hauran de con\u00e8ixer quins poden ser els riscos m\u00e9s comuns del seu lloc de treball (contusions, esfor\u00e7os, lesions musculoesquel\u00e8tiques derivades de postures for\u00e7ades i de realitzar moviments repetitius entre d\u2019altres).<\/p>\n<p>Aquest coneixement els permetr\u00e0 aplicar les mesures preventives adequades per evitar, en la mesura del possible, els accidents o lesions que el treball de caixer i caixera pot comportar, aconseguint que el treball es dugui a terme en les condicions m\u00e9s saludables possibles.<\/p>\n","protected":false},"excerpt":{"rendered":"<p>Actualment, en la majoria d\u2019establiments comercials, independentment del seu format, hi ha llocs de caixer i caixera ocupats per treballadors que es dediquen a aquesta activitat la jornada completa o part d&#8217;aquesta. \u00c9s, per aquest motiu, que els treballadors hauran de con\u00e8ixer quins poden ser els riscos m\u00e9s comuns del seu lloc de treball (contusions, [&hellip;]<\/p>\n","protected":false},"featured_media":2279,"template":"","meta":{"_acf_changed":false},"product_brand":[],"product_cat":[170],"product_tag":[],"class_list":{"0":"post-2226","1":"product","2":"type-product","3":"status-publish","4":"has-post-thumbnail","6":"product_cat-buenas-practicas-segun-actividad-ca","8":"first","9":"instock","10":"virtual","11":"sold-individually","12":"purchasable","13":"product-type-simple"},"acf":[],"_links":{"self":[{"href":"https:\/\/mcm-dev.host3ip.eu\/ca\/wp-json\/wp\/v2\/product\/2226","targetHints":{"allow":["GET"]}}],"collection":[{"href":"https:\/\/mcm-dev.host3ip.eu\/ca\/wp-json\/wp\/v2\/product"}],"about":[{"href":"https:\/\/mcm-dev.host3ip.eu\/ca\/wp-json\/wp\/v2\/types\/product"}],"wp:featuredmedia":[{"embeddable":true,"href":"https:\/\/mcm-dev.host3ip.eu\/ca\/wp-json\/wp\/v2\/media\/2279"}],"wp:attachment":[{"href":"https:\/\/mcm-dev.host3ip.eu\/ca\/wp-json\/wp\/v2\/media?parent=2226"}],"wp:term":[{"taxonomy":"product_brand","embeddable":true,"href":"https:\/\/mcm-dev.host3ip.eu\/ca\/wp-json\/wp\/v2\/product_brand?post=2226"},{"taxonomy":"product_cat","embeddable":true,"href":"https:\/\/mcm-dev.host3ip.eu\/ca\/wp-json\/wp\/v2\/product_cat?post=2226"},{"taxonomy":"product_tag","embeddable":true,"href":"https:\/\/mcm-dev.host3ip.eu\/ca\/wp-json\/wp\/v2\/product_tag?post=2226"}],"curies":[{"name":"wp","href":"https:\/\/api.w.org\/{rel}","templated":true}]}}