{"id":2231,"date":"2021-02-25T09:20:54","date_gmt":"2021-02-25T09:20:54","guid":{"rendered":"https:\/\/pre.mc-mutual.3ip.eu\/?post_type=product&#038;p=2231"},"modified":"2022-01-31T12:56:28","modified_gmt":"2022-01-31T12:56:28","slug":"gestio-de-conflictes","status":"publish","type":"product","link":"https:\/\/mcm-dev.host3ip.eu\/ca\/product\/gestio-de-conflictes\/","title":{"rendered":"Gesti\u00f3 de conflictes"},"content":{"rendered":"<p>Els conflictes interpersonals a la feina s\u00f3n freq\u00fcents. La seva pres\u00e8ncia no significa necess\u00e0riament un problema, perqu\u00e8 s\u00f3n un aspecte normal de les relacions humanes, per\u00f2, si no se saben resoldre correctament, poden escalar cap a conflictes m\u00e9s greus i degenerar en situacions de viol\u00e8ncia laboral, afectant greument la salut i el benestar dels treballadors.<\/p>\n<p>Aquest curs est\u00e0 adre\u00e7at a treballadors de qualsevol \u00e0mbit laboral i t\u00e9 com a objectiu ajudar a l\u2019alumne a desenvolupar les compet\u00e8ncies emocionals i les habilitats socials necess\u00e0ries per resoldre satisfact\u00f2riament els conflictes a la feina.<\/p>\n<p>I les habilitats socials necess\u00e0ries per a resoldre satisfact\u00f2riament els conflictes en el treball.<\/p>\n","protected":false},"excerpt":{"rendered":"<p>Els conflictes interpersonals a la feina s\u00f3n freq\u00fcents. La seva pres\u00e8ncia no significa necess\u00e0riament un problema, perqu\u00e8 s\u00f3n un aspecte normal de les relacions humanes, per\u00f2, si no se saben resoldre correctament, poden escalar cap a conflictes m\u00e9s greus i degenerar en situacions de viol\u00e8ncia laboral, afectant greument la salut i el benestar dels treballadors. [&hellip;]<\/p>\n","protected":false},"featured_media":2285,"template":"","meta":{"_acf_changed":false},"product_brand":[],"product_cat":[169],"product_tag":[],"class_list":{"0":"post-2231","1":"product","2":"type-product","3":"status-publish","4":"has-post-thumbnail","6":"product_cat-psicosociologia-aplicada-ca","8":"first","9":"instock","10":"virtual","11":"sold-individually","12":"purchasable","13":"product-type-simple"},"acf":[],"_links":{"self":[{"href":"https:\/\/mcm-dev.host3ip.eu\/ca\/wp-json\/wp\/v2\/product\/2231","targetHints":{"allow":["GET"]}}],"collection":[{"href":"https:\/\/mcm-dev.host3ip.eu\/ca\/wp-json\/wp\/v2\/product"}],"about":[{"href":"https:\/\/mcm-dev.host3ip.eu\/ca\/wp-json\/wp\/v2\/types\/product"}],"wp:featuredmedia":[{"embeddable":true,"href":"https:\/\/mcm-dev.host3ip.eu\/ca\/wp-json\/wp\/v2\/media\/2285"}],"wp:attachment":[{"href":"https:\/\/mcm-dev.host3ip.eu\/ca\/wp-json\/wp\/v2\/media?parent=2231"}],"wp:term":[{"taxonomy":"product_brand","embeddable":true,"href":"https:\/\/mcm-dev.host3ip.eu\/ca\/wp-json\/wp\/v2\/product_brand?post=2231"},{"taxonomy":"product_cat","embeddable":true,"href":"https:\/\/mcm-dev.host3ip.eu\/ca\/wp-json\/wp\/v2\/product_cat?post=2231"},{"taxonomy":"product_tag","embeddable":true,"href":"https:\/\/mcm-dev.host3ip.eu\/ca\/wp-json\/wp\/v2\/product_tag?post=2231"}],"curies":[{"name":"wp","href":"https:\/\/api.w.org\/{rel}","templated":true}]}}