{"id":2606,"date":"2021-03-31T09:40:46","date_gmt":"2021-03-31T09:40:46","guid":{"rendered":"https:\/\/pre.mc-mutual.3ip.eu\/?post_type=product&#038;p=2606"},"modified":"2022-02-01T13:31:46","modified_gmt":"2022-02-01T13:31:46","slug":"sensibilitzacio-en-prevencio-de-riscos-laborals-en-treballs-de-jardineria","status":"publish","type":"product","link":"https:\/\/mcm-dev.host3ip.eu\/ca\/product\/sensibilitzacio-en-prevencio-de-riscos-laborals-en-treballs-de-jardineria\/","title":{"rendered":"Sensibilitzaci\u00f3 en prevenci\u00f3 de riscos laborals en treballs de jardineria"},"content":{"rendered":"<p>Els treballs de jardineria engloben una gran varietat de tasques. Algunes d\u2019elles, comporten riscos importants per a la salut de les persones que les realitzen. A m\u00e9s, la incorporaci\u00f3 de noves m\u00e0quines redueix l\u2019esfor\u00e7 f\u00edsic que, a vegades, poden suposar l\u2019aparici\u00f3 de nous riscos.<\/p>\n<p>Aquesta activitat educativa vol informar el personal de jardineria sobre els riscos laborals als quals estan exposats al dur a terme les seves funcions i les mesures preventives que han d\u2019adoptar-se per evitar els accidents de treball i les malalties professionals.<\/p>\n","protected":false},"excerpt":{"rendered":"<p>Els treballs de jardineria engloben una gran varietat de tasques. Algunes d\u2019elles, comporten riscos importants per a la salut de les persones que les realitzen. A m\u00e9s, la incorporaci\u00f3 de noves m\u00e0quines redueix l\u2019esfor\u00e7 f\u00edsic que, a vegades, poden suposar l\u2019aparici\u00f3 de nous riscos. Aquesta activitat educativa vol informar el personal de jardineria sobre els [&hellip;]<\/p>\n","protected":false},"featured_media":2763,"template":"","meta":{"_acf_changed":false},"product_brand":[],"product_cat":[170],"product_tag":[],"class_list":{"0":"post-2606","1":"product","2":"type-product","3":"status-publish","4":"has-post-thumbnail","6":"product_cat-buenas-practicas-segun-actividad-ca","8":"first","9":"instock","10":"virtual","11":"sold-individually","12":"purchasable","13":"product-type-simple"},"acf":[],"_links":{"self":[{"href":"https:\/\/mcm-dev.host3ip.eu\/ca\/wp-json\/wp\/v2\/product\/2606","targetHints":{"allow":["GET"]}}],"collection":[{"href":"https:\/\/mcm-dev.host3ip.eu\/ca\/wp-json\/wp\/v2\/product"}],"about":[{"href":"https:\/\/mcm-dev.host3ip.eu\/ca\/wp-json\/wp\/v2\/types\/product"}],"wp:featuredmedia":[{"embeddable":true,"href":"https:\/\/mcm-dev.host3ip.eu\/ca\/wp-json\/wp\/v2\/media\/2763"}],"wp:attachment":[{"href":"https:\/\/mcm-dev.host3ip.eu\/ca\/wp-json\/wp\/v2\/media?parent=2606"}],"wp:term":[{"taxonomy":"product_brand","embeddable":true,"href":"https:\/\/mcm-dev.host3ip.eu\/ca\/wp-json\/wp\/v2\/product_brand?post=2606"},{"taxonomy":"product_cat","embeddable":true,"href":"https:\/\/mcm-dev.host3ip.eu\/ca\/wp-json\/wp\/v2\/product_cat?post=2606"},{"taxonomy":"product_tag","embeddable":true,"href":"https:\/\/mcm-dev.host3ip.eu\/ca\/wp-json\/wp\/v2\/product_tag?post=2606"}],"curies":[{"name":"wp","href":"https:\/\/api.w.org\/{rel}","templated":true}]}}