{"id":2607,"date":"2021-02-24T12:14:23","date_gmt":"2021-02-24T12:14:23","guid":{"rendered":"https:\/\/pre.mc-mutual.3ip.eu\/?post_type=product&#038;p=2607"},"modified":"2022-02-01T13:35:25","modified_gmt":"2022-02-01T13:35:25","slug":"sensibilizacion-en-prevencion-de-riesgos-laborales-en-trabajos-en-instalaciones-mecanicas","status":"publish","type":"product","link":"https:\/\/mcm-dev.host3ip.eu\/ca\/product\/sensibilizacion-en-prevencion-de-riesgos-laborales-en-trabajos-en-instalaciones-mecanicas\/","title":{"rendered":"Sensibilitzaci\u00f3 en prevenci\u00f3 de riscos laborals en treballs en instal\u00b7lacions mec\u00e0niques"},"content":{"rendered":"<p>S\u2019ent\u00e9n per treball en instal\u00b7lacions mec\u00e0niques, qualsevol intervenci\u00f3 sobre la m\u00e0quina o instal\u00b7laci\u00f3 de servei (aire, aigua i vapor) per dur a terme operacions de manteniment, reparaci\u00f3 o transformaci\u00f3, reglatge, neteja, instal\u00b7laci\u00f3, muntatge o desmuntatge.<\/p>\n<p>Tots aquests treballs s\u00f3n susceptibles de ser font de riscos per als treballadors que les fan, a causa fonamentalment de la naturalesa perillosa de les m\u00e0quines i instal\u00b7lacions de servei i a les condicions canviants de l\u2019entorn de treball.<\/p>\n<p>Aquesta activitat educativa va dirigida a les persones que treballen amb aquest tipus d\u2019instal\u00b7lacions mec\u00e0niques perqu\u00e8 tinguin coneixement dels riscos als quals estan exposats i les mesures preventives que han d\u2019adoptar per eliminar o reduir els riscos, aix\u00ed com treballar d\u2019una manera m\u00e9s c\u00f2moda i segura.<\/p>\n","protected":false},"excerpt":{"rendered":"<p>S\u2019ent\u00e9n per treball en instal\u00b7lacions mec\u00e0niques, qualsevol intervenci\u00f3 sobre la m\u00e0quina o instal\u00b7laci\u00f3 de servei (aire, aigua i vapor) per dur a terme operacions de manteniment, reparaci\u00f3 o transformaci\u00f3, reglatge, neteja, instal\u00b7laci\u00f3, muntatge o desmuntatge. Tots aquests treballs s\u00f3n susceptibles de ser font de riscos per als treballadors que les fan, a causa fonamentalment de [&hellip;]<\/p>\n","protected":false},"featured_media":2245,"template":"","meta":{"_acf_changed":false},"product_brand":[],"product_cat":[166],"product_tag":[],"class_list":{"0":"post-2607","1":"product","2":"type-product","3":"status-publish","4":"has-post-thumbnail","6":"product_cat-seguridad-e-higiene-ca","8":"first","9":"instock","10":"virtual","11":"sold-individually","12":"purchasable","13":"product-type-simple"},"acf":[],"_links":{"self":[{"href":"https:\/\/mcm-dev.host3ip.eu\/ca\/wp-json\/wp\/v2\/product\/2607","targetHints":{"allow":["GET"]}}],"collection":[{"href":"https:\/\/mcm-dev.host3ip.eu\/ca\/wp-json\/wp\/v2\/product"}],"about":[{"href":"https:\/\/mcm-dev.host3ip.eu\/ca\/wp-json\/wp\/v2\/types\/product"}],"wp:featuredmedia":[{"embeddable":true,"href":"https:\/\/mcm-dev.host3ip.eu\/ca\/wp-json\/wp\/v2\/media\/2245"}],"wp:attachment":[{"href":"https:\/\/mcm-dev.host3ip.eu\/ca\/wp-json\/wp\/v2\/media?parent=2607"}],"wp:term":[{"taxonomy":"product_brand","embeddable":true,"href":"https:\/\/mcm-dev.host3ip.eu\/ca\/wp-json\/wp\/v2\/product_brand?post=2607"},{"taxonomy":"product_cat","embeddable":true,"href":"https:\/\/mcm-dev.host3ip.eu\/ca\/wp-json\/wp\/v2\/product_cat?post=2607"},{"taxonomy":"product_tag","embeddable":true,"href":"https:\/\/mcm-dev.host3ip.eu\/ca\/wp-json\/wp\/v2\/product_tag?post=2607"}],"curies":[{"name":"wp","href":"https:\/\/api.w.org\/{rel}","templated":true}]}}