{"id":2608,"date":"2021-03-31T11:07:30","date_gmt":"2021-03-31T11:07:30","guid":{"rendered":"https:\/\/pre.mc-mutual.3ip.eu\/?post_type=product&#038;p=2608"},"modified":"2022-02-01T13:27:10","modified_gmt":"2022-02-01T13:27:10","slug":"sensibilitzacio-en-prevencio-de-riscos-laborals-en-treballs-amb-ponts-grua","status":"publish","type":"product","link":"https:\/\/mcm-dev.host3ip.eu\/ca\/product\/sensibilitzacio-en-prevencio-de-riscos-laborals-en-treballs-amb-ponts-grua\/","title":{"rendered":"Sensibilitzaci\u00f3 en prevenci\u00f3 de riscos laborals en treballs amb ponts grua"},"content":{"rendered":"<p>L\u2019ocupaci\u00f3 de ponts grua per al transport de materials en l\u2019interior de f\u00e0briques i tallers est\u00e0 actualment molt est\u00e8s. Aquestes m\u00e0quines s\u00f3n summament \u00fatils i segures, sempre que tant el seu manteniment com el seu \u00fas siguin correctes i adequats.<\/p>\n<p>En la present activitat educativa es contemplen les condicions generals d\u2019utilitzaci\u00f3 de l\u2019equip, els riscos que es deriven per la seva utilitzaci\u00f3 per part dels treballadors i les normes de seguretat que s\u2019han d\u2019adoptar per mantenir controlats aquests riscos.<\/p>\n<p>Aquesta informaci\u00f3 \u00e9s b\u00e0sica per als treballadors que directament estan implicats en el maneig de l\u2019equip, el conductor i el seu ajudant, per\u00f2 tamb\u00e9 \u00e9s important per a la resta del personal que comparteix zona de treball.<\/p>\n","protected":false},"excerpt":{"rendered":"<p>L\u2019ocupaci\u00f3 de ponts grua per al transport de materials en l\u2019interior de f\u00e0briques i tallers est\u00e0 actualment molt est\u00e8s. Aquestes m\u00e0quines s\u00f3n summament \u00fatils i segures, sempre que tant el seu manteniment com el seu \u00fas siguin correctes i adequats. En la present activitat educativa es contemplen les condicions generals d\u2019utilitzaci\u00f3 de l\u2019equip, els riscos [&hellip;]<\/p>\n","protected":false},"featured_media":2255,"template":"","meta":{"_acf_changed":false},"product_brand":[],"product_cat":[166],"product_tag":[],"class_list":{"0":"post-2608","1":"product","2":"type-product","3":"status-publish","4":"has-post-thumbnail","6":"product_cat-seguridad-e-higiene-ca","8":"first","9":"instock","10":"virtual","11":"sold-individually","12":"purchasable","13":"product-type-simple"},"acf":[],"_links":{"self":[{"href":"https:\/\/mcm-dev.host3ip.eu\/ca\/wp-json\/wp\/v2\/product\/2608","targetHints":{"allow":["GET"]}}],"collection":[{"href":"https:\/\/mcm-dev.host3ip.eu\/ca\/wp-json\/wp\/v2\/product"}],"about":[{"href":"https:\/\/mcm-dev.host3ip.eu\/ca\/wp-json\/wp\/v2\/types\/product"}],"wp:featuredmedia":[{"embeddable":true,"href":"https:\/\/mcm-dev.host3ip.eu\/ca\/wp-json\/wp\/v2\/media\/2255"}],"wp:attachment":[{"href":"https:\/\/mcm-dev.host3ip.eu\/ca\/wp-json\/wp\/v2\/media?parent=2608"}],"wp:term":[{"taxonomy":"product_brand","embeddable":true,"href":"https:\/\/mcm-dev.host3ip.eu\/ca\/wp-json\/wp\/v2\/product_brand?post=2608"},{"taxonomy":"product_cat","embeddable":true,"href":"https:\/\/mcm-dev.host3ip.eu\/ca\/wp-json\/wp\/v2\/product_cat?post=2608"},{"taxonomy":"product_tag","embeddable":true,"href":"https:\/\/mcm-dev.host3ip.eu\/ca\/wp-json\/wp\/v2\/product_tag?post=2608"}],"curies":[{"name":"wp","href":"https:\/\/api.w.org\/{rel}","templated":true}]}}