{"id":2609,"date":"2021-03-31T11:08:56","date_gmt":"2021-03-31T11:08:56","guid":{"rendered":"https:\/\/pre.mc-mutual.3ip.eu\/?post_type=product&#038;p=2609"},"modified":"2022-02-01T13:33:06","modified_gmt":"2022-02-01T13:33:06","slug":"sensibilitzacio-en-prevencio-de-riscos-laborals-en-treballs-de-soldadura","status":"publish","type":"product","link":"https:\/\/mcm-dev.host3ip.eu\/ca\/product\/sensibilitzacio-en-prevencio-de-riscos-laborals-en-treballs-de-soldadura\/","title":{"rendered":"Sensibilitzaci\u00f3 en prevenci\u00f3 de riscos laborals en treballs de soldadura"},"content":{"rendered":"<p>Els treballs de soldadura comporten una s\u00e8rie de riscos importants, el que obliga a dictar mesures preventives i normes de seguretat per a l\u2019organitzaci\u00f3 segura del lloc de treball, els equips de protecci\u00f3 individual i el manteniment i inspecci\u00f3 del material.<\/p>\n<p>D\u2019entre els nombrosos m\u00e8todes de soldadura industrial, la soldadura oxiacetil\u00e8nica i la soldadura per arc el\u00e8ctric, s\u00f3n les m\u00e9s utilitzades. La informaci\u00f3 sobre els riscos que comporta la seva aplicaci\u00f3 i les mesures preventives a prendre, per a cada un d\u2019ells, \u00e9s l\u2019objectiu d\u2019aquesta activitat educativa.<\/p>\n","protected":false},"excerpt":{"rendered":"<p>Els treballs de soldadura comporten una s\u00e8rie de riscos importants, el que obliga a dictar mesures preventives i normes de seguretat per a l\u2019organitzaci\u00f3 segura del lloc de treball, els equips de protecci\u00f3 individual i el manteniment i inspecci\u00f3 del material. D\u2019entre els nombrosos m\u00e8todes de soldadura industrial, la soldadura oxiacetil\u00e8nica i la soldadura per [&hellip;]<\/p>\n","protected":false},"featured_media":2257,"template":"","meta":{"_acf_changed":false},"product_brand":[],"product_cat":[166],"product_tag":[],"class_list":{"0":"post-2609","1":"product","2":"type-product","3":"status-publish","4":"has-post-thumbnail","6":"product_cat-seguridad-e-higiene-ca","8":"first","9":"instock","10":"virtual","11":"sold-individually","12":"purchasable","13":"product-type-simple"},"acf":[],"_links":{"self":[{"href":"https:\/\/mcm-dev.host3ip.eu\/ca\/wp-json\/wp\/v2\/product\/2609","targetHints":{"allow":["GET"]}}],"collection":[{"href":"https:\/\/mcm-dev.host3ip.eu\/ca\/wp-json\/wp\/v2\/product"}],"about":[{"href":"https:\/\/mcm-dev.host3ip.eu\/ca\/wp-json\/wp\/v2\/types\/product"}],"wp:featuredmedia":[{"embeddable":true,"href":"https:\/\/mcm-dev.host3ip.eu\/ca\/wp-json\/wp\/v2\/media\/2257"}],"wp:attachment":[{"href":"https:\/\/mcm-dev.host3ip.eu\/ca\/wp-json\/wp\/v2\/media?parent=2609"}],"wp:term":[{"taxonomy":"product_brand","embeddable":true,"href":"https:\/\/mcm-dev.host3ip.eu\/ca\/wp-json\/wp\/v2\/product_brand?post=2609"},{"taxonomy":"product_cat","embeddable":true,"href":"https:\/\/mcm-dev.host3ip.eu\/ca\/wp-json\/wp\/v2\/product_cat?post=2609"},{"taxonomy":"product_tag","embeddable":true,"href":"https:\/\/mcm-dev.host3ip.eu\/ca\/wp-json\/wp\/v2\/product_tag?post=2609"}],"curies":[{"name":"wp","href":"https:\/\/api.w.org\/{rel}","templated":true}]}}