{"id":2619,"date":"2021-03-31T09:43:46","date_gmt":"2021-03-31T09:43:46","guid":{"rendered":"https:\/\/pre.mc-mutual.3ip.eu\/?post_type=product&#038;p=2619"},"modified":"2022-02-01T13:28:06","modified_gmt":"2022-02-01T13:28:06","slug":"sensibilitzacio-en-prevencio-de-riscos-laborals-en-treballs-de-cuina","status":"publish","type":"product","link":"https:\/\/mcm-dev.host3ip.eu\/ca\/product\/sensibilitzacio-en-prevencio-de-riscos-laborals-en-treballs-de-cuina\/","title":{"rendered":"Sensibilitzaci\u00f3 en prevenci\u00f3 de riscos laborals en treballs de cuina"},"content":{"rendered":"<p>Aquesta activitat educativa proporciona informaci\u00f3 sobre els diferents riscos m\u00e9s freq\u00fcents associats al personal de cuina, aix\u00ed com les diferents mesures preventives per evitar accidents de treball i malalties professionals.<\/p>\n<p>La majoria de riscos associats a aquest lloc de feina poden evitar-se mitjan\u00e7ant un adequat disseny d&#8217;aquests, una correcta organitzaci\u00f3 del treball i una bona informaci\u00f3 de l\u2019usuari. Con\u00e8ixer i detectar els riscos associats al lloc de treball \u00e9s el primer pas per evitar accidents i malalties professionals.<\/p>\n<p>A trav\u00e9s de la informaci\u00f3 adquirida podem fer que el lloc de feina sigui un lloc m\u00e9s segur i confortable.<\/p>\n","protected":false},"excerpt":{"rendered":"<p>Aquesta activitat educativa proporciona informaci\u00f3 sobre els diferents riscos m\u00e9s freq\u00fcents associats al personal de cuina, aix\u00ed com les diferents mesures preventives per evitar accidents de treball i malalties professionals. La majoria de riscos associats a aquest lloc de feina poden evitar-se mitjan\u00e7ant un adequat disseny d&#8217;aquests, una correcta organitzaci\u00f3 del treball i una bona [&hellip;]<\/p>\n","protected":false},"featured_media":2766,"template":"","meta":{"_acf_changed":false},"product_brand":[],"product_cat":[170],"product_tag":[],"class_list":{"0":"post-2619","1":"product","2":"type-product","3":"status-publish","4":"has-post-thumbnail","6":"product_cat-buenas-practicas-segun-actividad-ca","8":"first","9":"instock","10":"virtual","11":"sold-individually","12":"purchasable","13":"product-type-simple"},"acf":[],"_links":{"self":[{"href":"https:\/\/mcm-dev.host3ip.eu\/ca\/wp-json\/wp\/v2\/product\/2619","targetHints":{"allow":["GET"]}}],"collection":[{"href":"https:\/\/mcm-dev.host3ip.eu\/ca\/wp-json\/wp\/v2\/product"}],"about":[{"href":"https:\/\/mcm-dev.host3ip.eu\/ca\/wp-json\/wp\/v2\/types\/product"}],"wp:featuredmedia":[{"embeddable":true,"href":"https:\/\/mcm-dev.host3ip.eu\/ca\/wp-json\/wp\/v2\/media\/2766"}],"wp:attachment":[{"href":"https:\/\/mcm-dev.host3ip.eu\/ca\/wp-json\/wp\/v2\/media?parent=2619"}],"wp:term":[{"taxonomy":"product_brand","embeddable":true,"href":"https:\/\/mcm-dev.host3ip.eu\/ca\/wp-json\/wp\/v2\/product_brand?post=2619"},{"taxonomy":"product_cat","embeddable":true,"href":"https:\/\/mcm-dev.host3ip.eu\/ca\/wp-json\/wp\/v2\/product_cat?post=2619"},{"taxonomy":"product_tag","embeddable":true,"href":"https:\/\/mcm-dev.host3ip.eu\/ca\/wp-json\/wp\/v2\/product_tag?post=2619"}],"curies":[{"name":"wp","href":"https:\/\/api.w.org\/{rel}","templated":true}]}}