{"id":2621,"date":"2021-03-31T09:15:31","date_gmt":"2021-03-31T09:15:31","guid":{"rendered":"https:\/\/pre.mc-mutual.3ip.eu\/?post_type=product&#038;p=2621"},"modified":"2022-02-01T12:37:38","modified_gmt":"2022-02-01T12:37:38","slug":"sensibilitzacio-en-prevencio-de-riscos-laborals-en-la-construccio","status":"publish","type":"product","link":"https:\/\/mcm-dev.host3ip.eu\/ca\/product\/sensibilitzacio-en-prevencio-de-riscos-laborals-en-la-construccio\/","title":{"rendered":"Sensibilitzaci\u00f3 en prevenci\u00f3 de riscos laborals en la construcci\u00f3"},"content":{"rendered":"<p>En aquesta activitat educativa es proporciona informaci\u00f3 sobre els diferents equips utilitzats en el sector de la construcci\u00f3, aix\u00ed com de les instal\u00b7lacions el\u00e8ctriques i les normes de seguretat sobre l\u2019\u00fas de m\u00e0quines auxiliars.<\/p>\n<p>La majoria de riscos associats a aquest lloc de treball poden evitar-se mitjan\u00e7ant un disseny adequat d&#8217;aquests, una correcta organitzaci\u00f3 de la feina i una informaci\u00f3 adequada a l\u2019usuari.<\/p>\n<p>Con\u00e8ixer i destacar els riscos associats al nostre lloc de feina \u00e9s el primer pas per poder evitar accidents i malalties professionals.<\/p>\n","protected":false},"excerpt":{"rendered":"<p>En aquesta activitat educativa es proporciona informaci\u00f3 sobre els diferents equips utilitzats en el sector de la construcci\u00f3, aix\u00ed com de les instal\u00b7lacions el\u00e8ctriques i les normes de seguretat sobre l\u2019\u00fas de m\u00e0quines auxiliars. La majoria de riscos associats a aquest lloc de treball poden evitar-se mitjan\u00e7ant un disseny adequat d&#8217;aquests, una correcta organitzaci\u00f3 de [&hellip;]<\/p>\n","protected":false},"featured_media":2263,"template":"","meta":{"_acf_changed":false},"product_brand":[],"product_cat":[170],"product_tag":[],"class_list":{"0":"post-2621","1":"product","2":"type-product","3":"status-publish","4":"has-post-thumbnail","6":"product_cat-buenas-practicas-segun-actividad-ca","8":"first","9":"instock","10":"virtual","11":"sold-individually","12":"purchasable","13":"product-type-simple"},"acf":[],"_links":{"self":[{"href":"https:\/\/mcm-dev.host3ip.eu\/ca\/wp-json\/wp\/v2\/product\/2621","targetHints":{"allow":["GET"]}}],"collection":[{"href":"https:\/\/mcm-dev.host3ip.eu\/ca\/wp-json\/wp\/v2\/product"}],"about":[{"href":"https:\/\/mcm-dev.host3ip.eu\/ca\/wp-json\/wp\/v2\/types\/product"}],"wp:featuredmedia":[{"embeddable":true,"href":"https:\/\/mcm-dev.host3ip.eu\/ca\/wp-json\/wp\/v2\/media\/2263"}],"wp:attachment":[{"href":"https:\/\/mcm-dev.host3ip.eu\/ca\/wp-json\/wp\/v2\/media?parent=2621"}],"wp:term":[{"taxonomy":"product_brand","embeddable":true,"href":"https:\/\/mcm-dev.host3ip.eu\/ca\/wp-json\/wp\/v2\/product_brand?post=2621"},{"taxonomy":"product_cat","embeddable":true,"href":"https:\/\/mcm-dev.host3ip.eu\/ca\/wp-json\/wp\/v2\/product_cat?post=2621"},{"taxonomy":"product_tag","embeddable":true,"href":"https:\/\/mcm-dev.host3ip.eu\/ca\/wp-json\/wp\/v2\/product_tag?post=2621"}],"curies":[{"name":"wp","href":"https:\/\/api.w.org\/{rel}","templated":true}]}}