{"id":2690,"date":"2021-03-31T11:03:33","date_gmt":"2021-03-31T11:03:33","guid":{"rendered":"https:\/\/pre.mc-mutual.3ip.eu\/?post_type=product&#038;p=2690"},"modified":"2022-02-01T11:36:08","modified_gmt":"2022-02-01T11:36:08","slug":"riscos-generals-i-la-seva-prevencio-en-activitats-sanitaries","status":"publish","type":"product","link":"https:\/\/mcm-dev.host3ip.eu\/ca\/product\/riscos-generals-i-la-seva-prevencio-en-activitats-sanitaries\/","title":{"rendered":"Riscos generals i la seva prevenci\u00f3 en Activitats Sanit\u00e0ries"},"content":{"rendered":"<p>En aquesta activitat educativa es tracten els riscos ocupacionals m\u00e9s comuns als que estan exposats els professionals de la sanitat, destacant els\/es auxiliars de cl\u00ednica, infermers\/es i metges\/ses aix\u00ed com aquells professionals que pertanyen a altres branques o sectors d\u2019activitat com: t\u00e8cnics de laboratori, treballadors de manteniment, restauraci\u00f3, neteja, bugaderia, etc., que es troben al mateix \u00e0mbit professional que el sanitari i, per tant, conviuen amb els mateixos riscos.<\/p>\n<p>Tot i que el disseny i disposici\u00f3 dels elements de treball condicionin els riscos existents en el lloc, hi ha algunes mesures preventives, de tipus general, que s\u2019han d\u2019aplicar per part dels treballadors per evitar els possibles accidents o lesions que pot comportar les activitats sanit\u00e0ries.<\/p>\n","protected":false},"excerpt":{"rendered":"<p>En aquesta activitat educativa es tracten els riscos ocupacionals m\u00e9s comuns als que estan exposats els professionals de la sanitat, destacant els\/es auxiliars de cl\u00ednica, infermers\/es i metges\/ses aix\u00ed com aquells professionals que pertanyen a altres branques o sectors d\u2019activitat com: t\u00e8cnics de laboratori, treballadors de manteniment, restauraci\u00f3, neteja, bugaderia, etc., que es troben al [&hellip;]<\/p>\n","protected":false},"featured_media":2265,"template":"","meta":{"_acf_changed":false},"product_brand":[],"product_cat":[175],"product_tag":[],"class_list":{"0":"post-2690","1":"product","2":"type-product","3":"status-publish","4":"has-post-thumbnail","6":"product_cat-riesgos-sectoriales-ca","8":"first","9":"instock","10":"virtual","11":"sold-individually","12":"purchasable","13":"product-type-simple"},"acf":[],"_links":{"self":[{"href":"https:\/\/mcm-dev.host3ip.eu\/ca\/wp-json\/wp\/v2\/product\/2690","targetHints":{"allow":["GET"]}}],"collection":[{"href":"https:\/\/mcm-dev.host3ip.eu\/ca\/wp-json\/wp\/v2\/product"}],"about":[{"href":"https:\/\/mcm-dev.host3ip.eu\/ca\/wp-json\/wp\/v2\/types\/product"}],"wp:featuredmedia":[{"embeddable":true,"href":"https:\/\/mcm-dev.host3ip.eu\/ca\/wp-json\/wp\/v2\/media\/2265"}],"wp:attachment":[{"href":"https:\/\/mcm-dev.host3ip.eu\/ca\/wp-json\/wp\/v2\/media?parent=2690"}],"wp:term":[{"taxonomy":"product_brand","embeddable":true,"href":"https:\/\/mcm-dev.host3ip.eu\/ca\/wp-json\/wp\/v2\/product_brand?post=2690"},{"taxonomy":"product_cat","embeddable":true,"href":"https:\/\/mcm-dev.host3ip.eu\/ca\/wp-json\/wp\/v2\/product_cat?post=2690"},{"taxonomy":"product_tag","embeddable":true,"href":"https:\/\/mcm-dev.host3ip.eu\/ca\/wp-json\/wp\/v2\/product_tag?post=2690"}],"curies":[{"name":"wp","href":"https:\/\/api.w.org\/{rel}","templated":true}]}}