{"id":2725,"date":"2021-03-31T10:34:13","date_gmt":"2021-03-31T10:34:13","guid":{"rendered":"https:\/\/pre.mc-mutual.3ip.eu\/?post_type=product&#038;p=2725"},"modified":"2022-01-31T13:51:05","modified_gmt":"2022-01-31T13:51:05","slug":"lideratge-en-prevencio-de-riscos-laborals","status":"publish","type":"product","link":"https:\/\/mcm-dev.host3ip.eu\/ca\/product\/lideratge-en-prevencio-de-riscos-laborals\/","title":{"rendered":"Lideratge en Prevenci\u00f3 de Riscos Laborals"},"content":{"rendered":"<p>Un dels aspectes clau per a l\u2019adopci\u00f3 de conductes segures a la feina \u00e9s la qualitat del lideratge dels c\u00e0rrecs intermedis. \u00c9s a dir, la capacitat d\u2019aquells que lideren els equips de treball per cohesionar el grup i dirigir als seus membres cap a una finalitat comuna: la seguretat i la salut a la feina.<\/p>\n<p>Aquest curs pren com a objectiu oferir eines perqu\u00e8 els c\u00e0rrecs intermedis puguin aprendre a dirigir als seus equips cap a comportaments m\u00e9s segurs d\u2019acords amb la prevenci\u00f3 de riscos laborals.<\/p>\n<p>Exercir un lideratge saludable permet, al c\u00e0rrec intermedi, mantenir el control emocional en les situacions adverses, tenir iniciatives i visi\u00f3 de futur, saber anticipar-se als riscos i a les oportunitats, i poder ser capa\u00e7os d\u2019involucrar a la seva gent en tot el que es proposin.<\/p>\n","protected":false},"excerpt":{"rendered":"<p>Un dels aspectes clau per a l\u2019adopci\u00f3 de conductes segures a la feina \u00e9s la qualitat del lideratge dels c\u00e0rrecs intermedis. \u00c9s a dir, la capacitat d\u2019aquells que lideren els equips de treball per cohesionar el grup i dirigir als seus membres cap a una finalitat comuna: la seguretat i la salut a la feina. [&hellip;]<\/p>\n","protected":false},"featured_media":2774,"template":"","meta":{"_acf_changed":false},"product_brand":[],"product_cat":[177],"product_tag":[],"class_list":{"0":"post-2725","1":"product","2":"type-product","3":"status-publish","4":"has-post-thumbnail","6":"product_cat-habilidades-de-liderazgo-en-prl-ca","8":"first","9":"instock","10":"virtual","11":"sold-individually","12":"purchasable","13":"product-type-simple"},"acf":[],"_links":{"self":[{"href":"https:\/\/mcm-dev.host3ip.eu\/ca\/wp-json\/wp\/v2\/product\/2725","targetHints":{"allow":["GET"]}}],"collection":[{"href":"https:\/\/mcm-dev.host3ip.eu\/ca\/wp-json\/wp\/v2\/product"}],"about":[{"href":"https:\/\/mcm-dev.host3ip.eu\/ca\/wp-json\/wp\/v2\/types\/product"}],"wp:featuredmedia":[{"embeddable":true,"href":"https:\/\/mcm-dev.host3ip.eu\/ca\/wp-json\/wp\/v2\/media\/2774"}],"wp:attachment":[{"href":"https:\/\/mcm-dev.host3ip.eu\/ca\/wp-json\/wp\/v2\/media?parent=2725"}],"wp:term":[{"taxonomy":"product_brand","embeddable":true,"href":"https:\/\/mcm-dev.host3ip.eu\/ca\/wp-json\/wp\/v2\/product_brand?post=2725"},{"taxonomy":"product_cat","embeddable":true,"href":"https:\/\/mcm-dev.host3ip.eu\/ca\/wp-json\/wp\/v2\/product_cat?post=2725"},{"taxonomy":"product_tag","embeddable":true,"href":"https:\/\/mcm-dev.host3ip.eu\/ca\/wp-json\/wp\/v2\/product_tag?post=2725"}],"curies":[{"name":"wp","href":"https:\/\/api.w.org\/{rel}","templated":true}]}}