{"id":2726,"date":"2021-03-31T10:35:53","date_gmt":"2021-03-31T10:35:53","guid":{"rendered":"https:\/\/pre.mc-mutual.3ip.eu\/?post_type=product&#038;p=2726"},"modified":"2022-02-01T13:52:53","modified_gmt":"2022-02-01T13:52:53","slug":"motivacio-en-prevencio-de-riscos-laborals","status":"publish","type":"product","link":"https:\/\/mcm-dev.host3ip.eu\/ca\/product\/motivacio-en-prevencio-de-riscos-laborals\/","title":{"rendered":"Motivaci\u00f3 en Prevenci\u00f3 de Riscos Laborals"},"content":{"rendered":"<p>Entre les necessitats b\u00e0siques de l\u2019\u00e9sser hum\u00e0 es troba la de sentir-se segur i protegit. Les persones que treballen en condicions penoses, en qu\u00e8 la seva seguretat i salut es veu compromesa, sovint, ho viuen amb frustraci\u00f3 i preocupaci\u00f3. No obstant aix\u00f2, els treballadors que estan en un entorn relativament segur, o en el qual els riscos no siguin evidents, potser no sentiran la necessitat de m\u00e9s seguretat, i en conseq\u00fc\u00e8ncia, l\u2019empresa pot tenir dificultats per promoure l\u2019adopci\u00f3 de conductes segures entre els seus treballadors.<\/p>\n<p>Aquest curs pren com a objectiu oferir eines perqu\u00e8 els c\u00e0rrecs intermedis s\u00e0piguen com motivar als seus treballadors perqu\u00e8 puguin avan\u00e7ar cap a comportaments m\u00e9s segurs d\u2019acord amb la prevenci\u00f3 de riscos laborals.<\/p>\n<p>Els l\u00edders han de promoure una culta en qu\u00e8 la \u201cseguretat i la salut\u201d sigui una calor compartida per a tots.<\/p>\n","protected":false},"excerpt":{"rendered":"<p>Entre les necessitats b\u00e0siques de l\u2019\u00e9sser hum\u00e0 es troba la de sentir-se segur i protegit. Les persones que treballen en condicions penoses, en qu\u00e8 la seva seguretat i salut es veu compromesa, sovint, ho viuen amb frustraci\u00f3 i preocupaci\u00f3. No obstant aix\u00f2, els treballadors que estan en un entorn relativament segur, o en el qual [&hellip;]<\/p>\n","protected":false},"featured_media":2289,"template":"","meta":{"_acf_changed":false},"product_brand":[],"product_cat":[177],"product_tag":[],"class_list":{"0":"post-2726","1":"product","2":"type-product","3":"status-publish","4":"has-post-thumbnail","6":"product_cat-habilidades-de-liderazgo-en-prl-ca","8":"first","9":"instock","10":"virtual","11":"sold-individually","12":"purchasable","13":"product-type-simple"},"acf":[],"_links":{"self":[{"href":"https:\/\/mcm-dev.host3ip.eu\/ca\/wp-json\/wp\/v2\/product\/2726","targetHints":{"allow":["GET"]}}],"collection":[{"href":"https:\/\/mcm-dev.host3ip.eu\/ca\/wp-json\/wp\/v2\/product"}],"about":[{"href":"https:\/\/mcm-dev.host3ip.eu\/ca\/wp-json\/wp\/v2\/types\/product"}],"wp:featuredmedia":[{"embeddable":true,"href":"https:\/\/mcm-dev.host3ip.eu\/ca\/wp-json\/wp\/v2\/media\/2289"}],"wp:attachment":[{"href":"https:\/\/mcm-dev.host3ip.eu\/ca\/wp-json\/wp\/v2\/media?parent=2726"}],"wp:term":[{"taxonomy":"product_brand","embeddable":true,"href":"https:\/\/mcm-dev.host3ip.eu\/ca\/wp-json\/wp\/v2\/product_brand?post=2726"},{"taxonomy":"product_cat","embeddable":true,"href":"https:\/\/mcm-dev.host3ip.eu\/ca\/wp-json\/wp\/v2\/product_cat?post=2726"},{"taxonomy":"product_tag","embeddable":true,"href":"https:\/\/mcm-dev.host3ip.eu\/ca\/wp-json\/wp\/v2\/product_tag?post=2726"}],"curies":[{"name":"wp","href":"https:\/\/api.w.org\/{rel}","templated":true}]}}