{"id":2727,"date":"2021-03-31T10:37:32","date_gmt":"2021-03-31T10:37:32","guid":{"rendered":"https:\/\/pre.mc-mutual.3ip.eu\/?post_type=product&#038;p=2727"},"modified":"2022-01-31T13:55:27","modified_gmt":"2022-01-31T13:55:27","slug":"presa-de-decisions-en-prevencio-de-riscos-laborals","status":"publish","type":"product","link":"https:\/\/mcm-dev.host3ip.eu\/ca\/product\/presa-de-decisions-en-prevencio-de-riscos-laborals\/","title":{"rendered":"Presa de decisions en Prevenci\u00f3 de Riscos Laborals"},"content":{"rendered":"<p>Prendre decisions \u00e9s un acte que hem de realitzar nombroses vegades durant el dia. A vegades resulta f\u00e0cil, per\u00f2 davant algunes q\u00fcestions podem dubtar, fins i tot, sentir-nos bloquejats, i no ser capa\u00e7os d\u2019optar per una alternativa. D&#8217;altra banda, es contraposa la necessitat d\u2019encertar, de conduir-nos cap als nostres objectius o simplement de respondre al que s\u2019espera de nosaltres.<\/p>\n<p>En l\u2019\u00e0mbit de la prevenci\u00f3 de riscos laborals (PRL) i la salut laboral, \u00e9s una gran responsabilitat prendre decisions que assegurin les adequades condicions de seguretat i higiene, ja que, en cas de no existir-ne, podrien comportar greus conseq\u00fc\u00e8ncies.<\/p>\n<p>Aquest curs pren com a finalitat oferir eines per analitzar, definir i plantejar la presa de decisions basant-se en fets.<\/p>\n","protected":false},"excerpt":{"rendered":"<p>Prendre decisions \u00e9s un acte que hem de realitzar nombroses vegades durant el dia. A vegades resulta f\u00e0cil, per\u00f2 davant algunes q\u00fcestions podem dubtar, fins i tot, sentir-nos bloquejats, i no ser capa\u00e7os d\u2019optar per una alternativa. D&#8217;altra banda, es contraposa la necessitat d\u2019encertar, de conduir-nos cap als nostres objectius o simplement de respondre al [&hellip;]<\/p>\n","protected":false},"featured_media":2291,"template":"","meta":{"_acf_changed":false},"product_brand":[],"product_cat":[177],"product_tag":[],"class_list":{"0":"post-2727","1":"product","2":"type-product","3":"status-publish","4":"has-post-thumbnail","6":"product_cat-habilidades-de-liderazgo-en-prl-ca","8":"first","9":"instock","10":"virtual","11":"sold-individually","12":"purchasable","13":"product-type-simple"},"acf":[],"_links":{"self":[{"href":"https:\/\/mcm-dev.host3ip.eu\/ca\/wp-json\/wp\/v2\/product\/2727","targetHints":{"allow":["GET"]}}],"collection":[{"href":"https:\/\/mcm-dev.host3ip.eu\/ca\/wp-json\/wp\/v2\/product"}],"about":[{"href":"https:\/\/mcm-dev.host3ip.eu\/ca\/wp-json\/wp\/v2\/types\/product"}],"wp:featuredmedia":[{"embeddable":true,"href":"https:\/\/mcm-dev.host3ip.eu\/ca\/wp-json\/wp\/v2\/media\/2291"}],"wp:attachment":[{"href":"https:\/\/mcm-dev.host3ip.eu\/ca\/wp-json\/wp\/v2\/media?parent=2727"}],"wp:term":[{"taxonomy":"product_brand","embeddable":true,"href":"https:\/\/mcm-dev.host3ip.eu\/ca\/wp-json\/wp\/v2\/product_brand?post=2727"},{"taxonomy":"product_cat","embeddable":true,"href":"https:\/\/mcm-dev.host3ip.eu\/ca\/wp-json\/wp\/v2\/product_cat?post=2727"},{"taxonomy":"product_tag","embeddable":true,"href":"https:\/\/mcm-dev.host3ip.eu\/ca\/wp-json\/wp\/v2\/product_tag?post=2727"}],"curies":[{"name":"wp","href":"https:\/\/api.w.org\/{rel}","templated":true}]}}