{"id":2728,"date":"2021-03-31T10:39:26","date_gmt":"2021-03-31T10:39:26","guid":{"rendered":"https:\/\/pre.mc-mutual.3ip.eu\/?post_type=product&#038;p=2728"},"modified":"2022-02-01T13:47:45","modified_gmt":"2022-02-01T13:47:45","slug":"treball-en-equip-en-prevencio-de-riscos-laborals","status":"publish","type":"product","link":"https:\/\/mcm-dev.host3ip.eu\/ca\/product\/treball-en-equip-en-prevencio-de-riscos-laborals\/","title":{"rendered":"Treball en equip en Prevenci\u00f3 de Riscos Laborals"},"content":{"rendered":"<p>La cooperaci\u00f3 entre professionals mitjan\u00e7ant grups de treball amb la finalitat de complir amb els objectius organitzacionals es fa imprescindible, sobretot, en aquelles empreses en qu\u00e8 s\u2019aborden tasques complexes.<\/p>\n<p>El treball en equip, encara que aconsegueixen m\u00e9s f\u00e0cilment els prop\u00f2sits, requereix m\u00e9s compet\u00e8ncies i habilitats socials per part dels treballadors.<\/p>\n<p>En l\u2019\u00e0mbit de la prevenci\u00f3 de riscos laborals (PRL), el treball en equip \u00e9s un recurs freq\u00fcentment utilitzat. Des dels serveis de prevenci\u00f3 integrats per equips de t\u00e8cnics que treballen coordinats, fins als Comit\u00e8s de Seguretat i Salut formats per representants de l\u2019empresa i dels treballadors, tots ells treballen en grup amb un fi com\u00fa: millorar les condicions de seguretat i salut laborals i fomentar la integraci\u00f3 d\u2019una cultura preventiva que propici\u00ef unes condicions \u00f2ptimes de seguretat i salut entorn de treball.<\/p>\n","protected":false},"excerpt":{"rendered":"<p>La cooperaci\u00f3 entre professionals mitjan\u00e7ant grups de treball amb la finalitat de complir amb els objectius organitzacionals es fa imprescindible, sobretot, en aquelles empreses en qu\u00e8 s\u2019aborden tasques complexes. El treball en equip, encara que aconsegueixen m\u00e9s f\u00e0cilment els prop\u00f2sits, requereix m\u00e9s compet\u00e8ncies i habilitats socials per part dels treballadors. En l\u2019\u00e0mbit de la prevenci\u00f3 [&hellip;]<\/p>\n","protected":false},"featured_media":2293,"template":"","meta":{"_acf_changed":false},"product_brand":[],"product_cat":[177],"product_tag":[],"class_list":{"0":"post-2728","1":"product","2":"type-product","3":"status-publish","4":"has-post-thumbnail","6":"product_cat-habilidades-de-liderazgo-en-prl-ca","8":"first","9":"instock","10":"virtual","11":"sold-individually","12":"purchasable","13":"product-type-simple"},"acf":[],"_links":{"self":[{"href":"https:\/\/mcm-dev.host3ip.eu\/ca\/wp-json\/wp\/v2\/product\/2728","targetHints":{"allow":["GET"]}}],"collection":[{"href":"https:\/\/mcm-dev.host3ip.eu\/ca\/wp-json\/wp\/v2\/product"}],"about":[{"href":"https:\/\/mcm-dev.host3ip.eu\/ca\/wp-json\/wp\/v2\/types\/product"}],"wp:featuredmedia":[{"embeddable":true,"href":"https:\/\/mcm-dev.host3ip.eu\/ca\/wp-json\/wp\/v2\/media\/2293"}],"wp:attachment":[{"href":"https:\/\/mcm-dev.host3ip.eu\/ca\/wp-json\/wp\/v2\/media?parent=2728"}],"wp:term":[{"taxonomy":"product_brand","embeddable":true,"href":"https:\/\/mcm-dev.host3ip.eu\/ca\/wp-json\/wp\/v2\/product_brand?post=2728"},{"taxonomy":"product_cat","embeddable":true,"href":"https:\/\/mcm-dev.host3ip.eu\/ca\/wp-json\/wp\/v2\/product_cat?post=2728"},{"taxonomy":"product_tag","embeddable":true,"href":"https:\/\/mcm-dev.host3ip.eu\/ca\/wp-json\/wp\/v2\/product_tag?post=2728"}],"curies":[{"name":"wp","href":"https:\/\/api.w.org\/{rel}","templated":true}]}}