{"id":2729,"date":"2021-03-31T09:17:41","date_gmt":"2021-03-31T09:17:41","guid":{"rendered":"https:\/\/pre.mc-mutual.3ip.eu\/?post_type=product&#038;p=2729"},"modified":"2025-03-22T05:06:04","modified_gmt":"2025-03-22T05:06:04","slug":"conscienciacio-en-prevencio-de-riscos-laborals","status":"publish","type":"product","link":"https:\/\/mcm-dev.host3ip.eu\/ca\/product\/conscienciacio-en-prevencio-de-riscos-laborals\/","title":{"rendered":"Concienciaci\u00f3n en prevenci\u00f3n de riesgos laborales"},"content":{"rendered":"<p>Un dels objectius b\u00e0sics de les empreses \u00e9s la prestaci\u00f3 de serveis de qualitat. Aix\u00ed mateix, cal treballar amb seguretat, per fer un treball ben fet. \u00c9s per aix\u00f2 que la prevenci\u00f3 de riscos laborals \u00e9s priorit\u00e0ria en els plans de formaci\u00f3.<\/p>\n<p>Amb aquesta filosofia s\u2019ha creat la present activitat educativa de sensibilitzaci\u00f3, que t\u2019ajudar\u00e0 a complementar els teus coneixements i modificar certs comportaments laborals insegurs, que poden perjudicar la seva salut, la dels teus companys, i tamb\u00e9 la teva continu\u00eftat en el lloc de treball.<\/p>\n<p>La seguretat i la salut laboral \u00e9s cosa de tots i \u00e9s per aix\u00f2 que has de traslladar els coneixements adquirits als teus companys i posar-los en pr\u00e0ctica all\u00e0 on et trobis. Aquesta activitat educativa ha de servir com a guia per al desenvolupament del treball en condicions de seguretat durant tota la vida laboral i personal.<\/p>\n","protected":false},"excerpt":{"rendered":"<p>Un dels objectius b\u00e0sics de les empreses \u00e9s la prestaci\u00f3 de serveis de qualitat. Aix\u00ed mateix, cal treballar amb seguretat, per fer un treball ben fet. \u00c9s per aix\u00f2 que la prevenci\u00f3 de riscos laborals \u00e9s priorit\u00e0ria en els plans de formaci\u00f3. Amb aquesta filosofia s\u2019ha creat la present activitat educativa de sensibilitzaci\u00f3, que t\u2019ajudar\u00e0 [&hellip;]<\/p>\n","protected":false},"featured_media":2317,"template":"","meta":{"_acf_changed":false},"product_brand":[],"product_cat":[167],"product_tag":[],"class_list":{"0":"post-2729","1":"product","2":"type-product","3":"status-publish","4":"has-post-thumbnail","6":"product_cat-gestion-de-la-prl-ca","8":"first","9":"instock","10":"virtual","11":"sold-individually","12":"purchasable","13":"product-type-simple"},"acf":[],"_links":{"self":[{"href":"https:\/\/mcm-dev.host3ip.eu\/ca\/wp-json\/wp\/v2\/product\/2729","targetHints":{"allow":["GET"]}}],"collection":[{"href":"https:\/\/mcm-dev.host3ip.eu\/ca\/wp-json\/wp\/v2\/product"}],"about":[{"href":"https:\/\/mcm-dev.host3ip.eu\/ca\/wp-json\/wp\/v2\/types\/product"}],"wp:featuredmedia":[{"embeddable":true,"href":"https:\/\/mcm-dev.host3ip.eu\/ca\/wp-json\/wp\/v2\/media\/2317"}],"wp:attachment":[{"href":"https:\/\/mcm-dev.host3ip.eu\/ca\/wp-json\/wp\/v2\/media?parent=2729"}],"wp:term":[{"taxonomy":"product_brand","embeddable":true,"href":"https:\/\/mcm-dev.host3ip.eu\/ca\/wp-json\/wp\/v2\/product_brand?post=2729"},{"taxonomy":"product_cat","embeddable":true,"href":"https:\/\/mcm-dev.host3ip.eu\/ca\/wp-json\/wp\/v2\/product_cat?post=2729"},{"taxonomy":"product_tag","embeddable":true,"href":"https:\/\/mcm-dev.host3ip.eu\/ca\/wp-json\/wp\/v2\/product_tag?post=2729"}],"curies":[{"name":"wp","href":"https:\/\/api.w.org\/{rel}","templated":true}]}}