{"id":2731,"date":"2021-03-31T09:30:48","date_gmt":"2021-03-31T09:30:48","guid":{"rendered":"https:\/\/pre.mc-mutual.3ip.eu\/?post_type=product&#038;p=2731"},"modified":"2022-02-01T12:39:52","modified_gmt":"2022-02-01T12:39:52","slug":"sensibilitzacio-en-prevencio-de-riscos-laborals-en-la-industria-carnia","status":"publish","type":"product","link":"https:\/\/mcm-dev.host3ip.eu\/ca\/product\/sensibilitzacio-en-prevencio-de-riscos-laborals-en-la-industria-carnia\/","title":{"rendered":"Sensibilitzaci\u00f3 en prevenci\u00f3 de riscos laborals en la ind\u00fastria c\u00e0rnia"},"content":{"rendered":"<p>La ind\u00fastria c\u00e0rnia engloba un conjunt de tasques molt variades que exposen els treballadors a molts riscos (manipulaci\u00f3 de c\u00e0rregues: desc\u00e0rrega d\u2019animals i estabulaci\u00f3, moviments repetitius: penjat de les peces per potes posteriors en ra\u00efls aeris, dessagnat, escaldat, evisceraci\u00f3, etc.).<\/p>\n<p>\u00c9s per aquest motiu que es fa necessari tenir la informaci\u00f3 b\u00e0sica sobre seguretat, higiene, ergonomia i psicosociologia aplicant segons les necessitats presents en cada tasca que comporta el desenvolupament del nostre treball.<\/p>\n<p>A trav\u00e9s de la informaci\u00f3 adquirida podem fer del nostre lloc de treball un lloc m\u00e9s segur i confortable.<\/p>\n","protected":false},"excerpt":{"rendered":"<p>La ind\u00fastria c\u00e0rnia engloba un conjunt de tasques molt variades que exposen els treballadors a molts riscos (manipulaci\u00f3 de c\u00e0rregues: desc\u00e0rrega d\u2019animals i estabulaci\u00f3, moviments repetitius: penjat de les peces per potes posteriors en ra\u00efls aeris, dessagnat, escaldat, evisceraci\u00f3, etc.). \u00c9s per aquest motiu que es fa necessari tenir la informaci\u00f3 b\u00e0sica sobre seguretat, higiene, [&hellip;]<\/p>\n","protected":false},"featured_media":2757,"template":"","meta":{"_acf_changed":false},"product_brand":[],"product_cat":[170],"product_tag":[],"class_list":{"0":"post-2731","1":"product","2":"type-product","3":"status-publish","4":"has-post-thumbnail","6":"product_cat-buenas-practicas-segun-actividad-ca","8":"first","9":"instock","10":"virtual","11":"sold-individually","12":"purchasable","13":"product-type-simple"},"acf":[],"_links":{"self":[{"href":"https:\/\/mcm-dev.host3ip.eu\/ca\/wp-json\/wp\/v2\/product\/2731","targetHints":{"allow":["GET"]}}],"collection":[{"href":"https:\/\/mcm-dev.host3ip.eu\/ca\/wp-json\/wp\/v2\/product"}],"about":[{"href":"https:\/\/mcm-dev.host3ip.eu\/ca\/wp-json\/wp\/v2\/types\/product"}],"wp:featuredmedia":[{"embeddable":true,"href":"https:\/\/mcm-dev.host3ip.eu\/ca\/wp-json\/wp\/v2\/media\/2757"}],"wp:attachment":[{"href":"https:\/\/mcm-dev.host3ip.eu\/ca\/wp-json\/wp\/v2\/media?parent=2731"}],"wp:term":[{"taxonomy":"product_brand","embeddable":true,"href":"https:\/\/mcm-dev.host3ip.eu\/ca\/wp-json\/wp\/v2\/product_brand?post=2731"},{"taxonomy":"product_cat","embeddable":true,"href":"https:\/\/mcm-dev.host3ip.eu\/ca\/wp-json\/wp\/v2\/product_cat?post=2731"},{"taxonomy":"product_tag","embeddable":true,"href":"https:\/\/mcm-dev.host3ip.eu\/ca\/wp-json\/wp\/v2\/product_tag?post=2731"}],"curies":[{"name":"wp","href":"https:\/\/api.w.org\/{rel}","templated":true}]}}