{"id":2733,"date":"2021-03-31T09:36:55","date_gmt":"2021-03-31T09:36:55","guid":{"rendered":"https:\/\/pre.mc-mutual.3ip.eu\/?post_type=product&#038;p=2733"},"modified":"2022-02-01T13:22:41","modified_gmt":"2022-02-01T13:22:41","slug":"sensibilitzacio-en-prevencio-de-riscos-laborals-en-la-industria-del-paper-i-arts-grafiques","status":"publish","type":"product","link":"https:\/\/mcm-dev.host3ip.eu\/ca\/product\/sensibilitzacio-en-prevencio-de-riscos-laborals-en-la-industria-del-paper-i-arts-grafiques\/","title":{"rendered":"Sensibilitzaci\u00f3 en prevenci\u00f3 de riscos laborals en la ind\u00fastria del paper i arts gr\u00e0fiques"},"content":{"rendered":"<p>En aquesta activitat s\u2019aborden els riscos associats al sector de la ind\u00fastria paperera que inclou tot el proc\u00e9s de transformar la fibra de cel\u00b7lulosa a paper i el sector de les arts gr\u00e0fiques que inclou tot el proc\u00e9s d\u2019editar i enquadernar llibres, revistes\u2026<\/p>\n<p>La majoria dels riscos associats a aquests llocs de treball poden evitar-se mitjan\u00e7ant un adequat disseny d&#8217;aquests, una correcta organitzaci\u00f3 del treball i una adequada informaci\u00f3 a l\u2019usuari. Con\u00e8ixer i destacar els riscos associats al lloc de feina \u00e9s el primer pas per evitar accidents i malalties professionals.<\/p>\n<p>A trav\u00e9s de la informaci\u00f3 adquirida podem fer del nostre lloc de treball un lloc m\u00e9s segur i confortable.<\/p>\n","protected":false},"excerpt":{"rendered":"<p>En aquesta activitat s\u2019aborden els riscos associats al sector de la ind\u00fastria paperera que inclou tot el proc\u00e9s de transformar la fibra de cel\u00b7lulosa a paper i el sector de les arts gr\u00e0fiques que inclou tot el proc\u00e9s d\u2019editar i enquadernar llibres, revistes\u2026 La majoria dels riscos associats a aquests llocs de treball poden evitar-se [&hellip;]<\/p>\n","protected":false},"featured_media":2760,"template":"","meta":{"_acf_changed":false},"product_brand":[],"product_cat":[170],"product_tag":[],"class_list":{"0":"post-2733","1":"product","2":"type-product","3":"status-publish","4":"has-post-thumbnail","6":"product_cat-buenas-practicas-segun-actividad-ca","8":"first","9":"instock","10":"virtual","11":"sold-individually","12":"purchasable","13":"product-type-simple"},"acf":[],"_links":{"self":[{"href":"https:\/\/mcm-dev.host3ip.eu\/ca\/wp-json\/wp\/v2\/product\/2733","targetHints":{"allow":["GET"]}}],"collection":[{"href":"https:\/\/mcm-dev.host3ip.eu\/ca\/wp-json\/wp\/v2\/product"}],"about":[{"href":"https:\/\/mcm-dev.host3ip.eu\/ca\/wp-json\/wp\/v2\/types\/product"}],"wp:featuredmedia":[{"embeddable":true,"href":"https:\/\/mcm-dev.host3ip.eu\/ca\/wp-json\/wp\/v2\/media\/2760"}],"wp:attachment":[{"href":"https:\/\/mcm-dev.host3ip.eu\/ca\/wp-json\/wp\/v2\/media?parent=2733"}],"wp:term":[{"taxonomy":"product_brand","embeddable":true,"href":"https:\/\/mcm-dev.host3ip.eu\/ca\/wp-json\/wp\/v2\/product_brand?post=2733"},{"taxonomy":"product_cat","embeddable":true,"href":"https:\/\/mcm-dev.host3ip.eu\/ca\/wp-json\/wp\/v2\/product_cat?post=2733"},{"taxonomy":"product_tag","embeddable":true,"href":"https:\/\/mcm-dev.host3ip.eu\/ca\/wp-json\/wp\/v2\/product_tag?post=2733"}],"curies":[{"name":"wp","href":"https:\/\/api.w.org\/{rel}","templated":true}]}}