{"id":2737,"date":"2021-03-31T09:22:49","date_gmt":"2021-03-31T09:22:49","guid":{"rendered":"https:\/\/pre.mc-mutual.3ip.eu\/?post_type=product&#038;p=2737"},"modified":"2022-02-01T13:23:43","modified_gmt":"2022-02-01T13:23:43","slug":"sensibilitzacio-en-prevencio-de-riscos-laborals-en-oficines-i-despatxos","status":"publish","type":"product","link":"https:\/\/mcm-dev.host3ip.eu\/ca\/product\/sensibilitzacio-en-prevencio-de-riscos-laborals-en-oficines-i-despatxos\/","title":{"rendered":"Sensibilitzaci\u00f3 en prevenci\u00f3 de riscos laborals en oficines i despatxos"},"content":{"rendered":"<p>El continu increment de la utilitzaci\u00f3 dels ordinadors (PVD) en el m\u00f3n del treball en general i a les oficines i despatxos en particular, ha suposat que siguin precisament els riscos a aquests equips els m\u00e9s freq\u00fcents tant en oficines com despatxos. Els principals riscos associats a l\u2019\u00fas de PVD s\u00f3n els de c\u00e0rrega f\u00edsica, sobretot a causa de l\u2019adopci\u00f3 de postures fixes i moviments repetitius, i els de c\u00e0rrega visual. Aquesta activitat educativa tamb\u00e9 aborda els riscos i les mesures preventives relatives a caigudes al mateix nivell i cops contra objectes, aix\u00ed com els riscos psicosocials associats al treball en aquests entorns. Con\u00e8ixer i destacar els riscos associats al lloc de treball \u00e9s el primer pas per evitar accidents i malalties professionals.<\/p>\n","protected":false},"excerpt":{"rendered":"<p>El continu increment de la utilitzaci\u00f3 dels ordinadors (PVD) en el m\u00f3n del treball en general i a les oficines i despatxos en particular, ha suposat que siguin precisament els riscos a aquests equips els m\u00e9s freq\u00fcents tant en oficines com despatxos. Els principals riscos associats a l\u2019\u00fas de PVD s\u00f3n els de c\u00e0rrega f\u00edsica, [&hellip;]<\/p>\n","protected":false},"featured_media":2321,"template":"","meta":{"_acf_changed":false},"product_brand":[],"product_cat":[170],"product_tag":[],"class_list":{"0":"post-2737","1":"product","2":"type-product","3":"status-publish","4":"has-post-thumbnail","6":"product_cat-buenas-practicas-segun-actividad-ca","8":"first","9":"instock","10":"virtual","11":"sold-individually","12":"purchasable","13":"product-type-simple"},"acf":[],"_links":{"self":[{"href":"https:\/\/mcm-dev.host3ip.eu\/ca\/wp-json\/wp\/v2\/product\/2737","targetHints":{"allow":["GET"]}}],"collection":[{"href":"https:\/\/mcm-dev.host3ip.eu\/ca\/wp-json\/wp\/v2\/product"}],"about":[{"href":"https:\/\/mcm-dev.host3ip.eu\/ca\/wp-json\/wp\/v2\/types\/product"}],"wp:featuredmedia":[{"embeddable":true,"href":"https:\/\/mcm-dev.host3ip.eu\/ca\/wp-json\/wp\/v2\/media\/2321"}],"wp:attachment":[{"href":"https:\/\/mcm-dev.host3ip.eu\/ca\/wp-json\/wp\/v2\/media?parent=2737"}],"wp:term":[{"taxonomy":"product_brand","embeddable":true,"href":"https:\/\/mcm-dev.host3ip.eu\/ca\/wp-json\/wp\/v2\/product_brand?post=2737"},{"taxonomy":"product_cat","embeddable":true,"href":"https:\/\/mcm-dev.host3ip.eu\/ca\/wp-json\/wp\/v2\/product_cat?post=2737"},{"taxonomy":"product_tag","embeddable":true,"href":"https:\/\/mcm-dev.host3ip.eu\/ca\/wp-json\/wp\/v2\/product_tag?post=2737"}],"curies":[{"name":"wp","href":"https:\/\/api.w.org\/{rel}","templated":true}]}}