{"id":2892,"date":"2021-04-08T10:46:50","date_gmt":"2021-04-08T10:46:50","guid":{"rendered":"https:\/\/pre.mc-mutual.3ip.eu\/?post_type=product&#038;p=2892"},"modified":"2022-01-31T12:12:04","modified_gmt":"2022-01-31T12:12:04","slug":"cura-de-la-veu","status":"publish","type":"product","link":"https:\/\/mcm-dev.host3ip.eu\/ca\/product\/cura-de-la-veu\/","title":{"rendered":"Cura de la veu"},"content":{"rendered":"<p>La cura de la veu \u00e9s molt important pels professionals que la utilitzen com a eina principal en la seva activitat di\u00e0ria. \u00c9s necessari tenir nocions b\u00e0siques sobre l\u2019anatomia i fisiologia de la laringe, aix\u00ed com con\u00e8ixer els tipus de respiraci\u00f3 a adoptar en cada moment per a dur a terme un bon acte fonador.<\/p>\n<p>Al llarg del curs, es mostra que per l\u2019acte fonador intervenen el sistema respiratori, com a element fonamental i imprescindible, el sistema articulatori, el qual permetr\u00e0 tenir un major control sobre la veu, i el sistema ressonador, que la far\u00e0 m\u00e9s audible.<\/p>\n<p>Aquest curs pret\u00e9n donar a con\u00e8ixer les nocions b\u00e0siques sobre els tres sistemes que intervenen en la fonaci\u00f3 a trav\u00e9s d\u2019un material te\u00f2ric-pr\u00e0ctic, els riscos associats a la p\u00e8rdua parcial o total de la veu, les patologies m\u00e9s comunes i com actuar per a prevenir aquests riscos.<\/p>\n","protected":false},"excerpt":{"rendered":"<p>La cura de la veu \u00e9s molt important pels professionals que la utilitzen com a eina principal en la seva activitat di\u00e0ria. \u00c9s necessari tenir nocions b\u00e0siques sobre l\u2019anatomia i fisiologia de la laringe, aix\u00ed com con\u00e8ixer els tipus de respiraci\u00f3 a adoptar en cada moment per a dur a terme un bon acte fonador. [&hellip;]<\/p>\n","protected":false},"featured_media":2331,"template":"","meta":{"_acf_changed":false},"product_brand":[],"product_cat":[163],"product_tag":[],"class_list":{"0":"post-2892","1":"product","2":"type-product","3":"status-publish","4":"has-post-thumbnail","6":"product_cat-ergonomia-ca","8":"first","9":"instock","10":"virtual","11":"sold-individually","12":"purchasable","13":"product-type-simple"},"acf":[],"_links":{"self":[{"href":"https:\/\/mcm-dev.host3ip.eu\/ca\/wp-json\/wp\/v2\/product\/2892","targetHints":{"allow":["GET"]}}],"collection":[{"href":"https:\/\/mcm-dev.host3ip.eu\/ca\/wp-json\/wp\/v2\/product"}],"about":[{"href":"https:\/\/mcm-dev.host3ip.eu\/ca\/wp-json\/wp\/v2\/types\/product"}],"wp:featuredmedia":[{"embeddable":true,"href":"https:\/\/mcm-dev.host3ip.eu\/ca\/wp-json\/wp\/v2\/media\/2331"}],"wp:attachment":[{"href":"https:\/\/mcm-dev.host3ip.eu\/ca\/wp-json\/wp\/v2\/media?parent=2892"}],"wp:term":[{"taxonomy":"product_brand","embeddable":true,"href":"https:\/\/mcm-dev.host3ip.eu\/ca\/wp-json\/wp\/v2\/product_brand?post=2892"},{"taxonomy":"product_cat","embeddable":true,"href":"https:\/\/mcm-dev.host3ip.eu\/ca\/wp-json\/wp\/v2\/product_cat?post=2892"},{"taxonomy":"product_tag","embeddable":true,"href":"https:\/\/mcm-dev.host3ip.eu\/ca\/wp-json\/wp\/v2\/product_tag?post=2892"}],"curies":[{"name":"wp","href":"https:\/\/api.w.org\/{rel}","templated":true}]}}