{"id":3090,"date":"2021-09-09T10:55:35","date_gmt":"2021-09-09T10:55:35","guid":{"rendered":"https:\/\/mcm-dev.host3ip.eu\/?post_type=product&#038;p=3090"},"modified":"2022-01-31T12:01:16","modified_gmt":"2022-01-31T12:01:16","slug":"cuidat-de-tot-cor-prevencio-del-risc-cardiovascular","status":"publish","type":"product","link":"https:\/\/mcm-dev.host3ip.eu\/ca\/product\/cuidat-de-tot-cor-prevencio-del-risc-cardiovascular\/","title":{"rendered":"Cuida\u2019t de tot cor: Prevenci\u00f3 del risc cardiovascular"},"content":{"rendered":"<p>Alguna vegada t&#8217;has preguntat si tens una bona salut cardiovascular?, mires si beus sucre o sal en exc\u00e9s?, o si fas prou exercici per evitar un estil de vida sedentari? Sabies que est\u00e0 a les teves mans modificar alguns factors de risc per prevenir lesions cardiovasculars i augmentar la teva esperan\u00e7a de vida?<\/p>\n<p>Aquest curs pot ajudar a identificar els teus factors de risc cardiovascular i actuar en conseq\u00fc\u00e8ncia. Amb l&#8217;adquisici\u00f3 d&#8217;h\u00e0bits saludables, augmentar\u00e0s la teva esperan\u00e7a i qualitat de vida.<\/p>\n","protected":false},"excerpt":{"rendered":"<p>Alguna vegada t&#8217;has preguntat si tens una bona salut cardiovascular?, mires si beus sucre o sal en exc\u00e9s?, o si fas prou exercici per evitar un estil de vida sedentari? Sabies que est\u00e0 a les teves mans modificar alguns factors de risc per prevenir lesions cardiovasculars i augmentar la teva esperan\u00e7a de vida? Aquest curs [&hellip;]<\/p>\n","protected":false},"featured_media":3087,"template":"","meta":{"_acf_changed":false},"product_brand":[],"product_cat":[172],"product_tag":[],"class_list":{"0":"post-3090","1":"product","2":"type-product","3":"status-publish","4":"has-post-thumbnail","6":"product_cat-promocion-de-la-salud-ca","8":"first","9":"instock","10":"virtual","11":"sold-individually","12":"purchasable","13":"product-type-simple"},"acf":[],"_links":{"self":[{"href":"https:\/\/mcm-dev.host3ip.eu\/ca\/wp-json\/wp\/v2\/product\/3090","targetHints":{"allow":["GET"]}}],"collection":[{"href":"https:\/\/mcm-dev.host3ip.eu\/ca\/wp-json\/wp\/v2\/product"}],"about":[{"href":"https:\/\/mcm-dev.host3ip.eu\/ca\/wp-json\/wp\/v2\/types\/product"}],"wp:featuredmedia":[{"embeddable":true,"href":"https:\/\/mcm-dev.host3ip.eu\/ca\/wp-json\/wp\/v2\/media\/3087"}],"wp:attachment":[{"href":"https:\/\/mcm-dev.host3ip.eu\/ca\/wp-json\/wp\/v2\/media?parent=3090"}],"wp:term":[{"taxonomy":"product_brand","embeddable":true,"href":"https:\/\/mcm-dev.host3ip.eu\/ca\/wp-json\/wp\/v2\/product_brand?post=3090"},{"taxonomy":"product_cat","embeddable":true,"href":"https:\/\/mcm-dev.host3ip.eu\/ca\/wp-json\/wp\/v2\/product_cat?post=3090"},{"taxonomy":"product_tag","embeddable":true,"href":"https:\/\/mcm-dev.host3ip.eu\/ca\/wp-json\/wp\/v2\/product_tag?post=3090"}],"curies":[{"name":"wp","href":"https:\/\/api.w.org\/{rel}","templated":true}]}}