{"id":3244,"date":"2022-02-02T10:33:40","date_gmt":"2022-02-02T10:33:40","guid":{"rendered":"https:\/\/mcm-dev.host3ip.eu\/?post_type=product&#038;p=3244"},"modified":"2023-05-23T02:00:15","modified_gmt":"2023-05-23T02:00:15","slug":"gestio-de-lestres","status":"publish","type":"product","link":"https:\/\/mcm-dev.host3ip.eu\/ca\/product\/gestio-de-lestres\/","title":{"rendered":"Gesti\u00f3 de l&#8217;estr\u00e8s"},"content":{"rendered":"<p>L&#8217;estr\u00e8s, i les seves conseq\u00fc\u00e8ncies per al benestar i la salut de les persones, \u00e9s una de les principals preocupacions de la nostra societat. Les exig\u00e8ncies del treball, la falta de temps, les dificultats per a conciliar les responsabilitats dom\u00e8stiques amb les laborals o els conflictes amb altres persones, s\u00f3n alguns aspectes presents en el nostre dia a dia que poden portar-nos f\u00e0cilment a patir elevats nivells d&#8217;estr\u00e8s. Disposar dels recursos i habilitats necess\u00e0ries per a afrontar-ho \u00e9s, per tant, fonamental.<\/p>\n<p>Durant aquest curs s&#8217;ofereixen diferents consells i recursos per a afrontar l&#8217;estr\u00e8s diari conservant la salut i el benestar.<\/p>\n","protected":false},"excerpt":{"rendered":"<p>L&#8217;estr\u00e8s, i les seves conseq\u00fc\u00e8ncies per al benestar i la salut de les persones, \u00e9s una de les principals preocupacions de la nostra societat. Les exig\u00e8ncies del treball, la falta de temps, les dificultats per a conciliar les responsabilitats dom\u00e8stiques amb les laborals o els conflictes amb altres persones, s\u00f3n alguns aspectes presents en el [&hellip;]<\/p>\n","protected":false},"featured_media":3278,"template":"","meta":{"_acf_changed":false},"product_brand":[],"product_cat":[169],"product_tag":[],"class_list":{"0":"post-3244","1":"product","2":"type-product","3":"status-publish","4":"has-post-thumbnail","6":"product_cat-psicosociologia-aplicada-ca","8":"first","9":"instock","10":"virtual","11":"sold-individually","12":"purchasable","13":"product-type-simple"},"acf":[],"_links":{"self":[{"href":"https:\/\/mcm-dev.host3ip.eu\/ca\/wp-json\/wp\/v2\/product\/3244","targetHints":{"allow":["GET"]}}],"collection":[{"href":"https:\/\/mcm-dev.host3ip.eu\/ca\/wp-json\/wp\/v2\/product"}],"about":[{"href":"https:\/\/mcm-dev.host3ip.eu\/ca\/wp-json\/wp\/v2\/types\/product"}],"wp:featuredmedia":[{"embeddable":true,"href":"https:\/\/mcm-dev.host3ip.eu\/ca\/wp-json\/wp\/v2\/media\/3278"}],"wp:attachment":[{"href":"https:\/\/mcm-dev.host3ip.eu\/ca\/wp-json\/wp\/v2\/media?parent=3244"}],"wp:term":[{"taxonomy":"product_brand","embeddable":true,"href":"https:\/\/mcm-dev.host3ip.eu\/ca\/wp-json\/wp\/v2\/product_brand?post=3244"},{"taxonomy":"product_cat","embeddable":true,"href":"https:\/\/mcm-dev.host3ip.eu\/ca\/wp-json\/wp\/v2\/product_cat?post=3244"},{"taxonomy":"product_tag","embeddable":true,"href":"https:\/\/mcm-dev.host3ip.eu\/ca\/wp-json\/wp\/v2\/product_tag?post=3244"}],"curies":[{"name":"wp","href":"https:\/\/api.w.org\/{rel}","templated":true}]}}