{"id":3859,"date":"2024-01-17T14:09:22","date_gmt":"2024-01-17T14:09:22","guid":{"rendered":"https:\/\/mcm-dev.host3ip.eu\/?post_type=product&#038;p=3859"},"modified":"2024-01-18T10:01:15","modified_gmt":"2024-01-18T10:01:15","slug":"mediacio-de-conflictes-per-a-comandaments","status":"publish","type":"product","link":"https:\/\/mcm-dev.host3ip.eu\/ca\/product\/mediacio-de-conflictes-per-a-comandaments\/","title":{"rendered":"Mediaci\u00f3 de conflictes per a comandaments"},"content":{"rendered":"<p>El conflicte \u00e9s una constant en qualsevol \u00e0mbit de la vida humana, tamb\u00e9 en l&#8217;\u00e0mbit laboral. No gestionar-ho correctament suposa un elevat cost per a l&#8217;organitzaci\u00f3 i per a les persones implicades.<\/p>\n<p>Els comandaments, o l\u00edders d&#8217;equip, exerceixen un paper molt important com a mediadors en la gesti\u00f3 d&#8217;aquests conflictes. La seva funci\u00f3 \u00e9s fonamental per a garantir un ambient de treball harmoni\u00f3s i productiu.<\/p>\n<p>Aquest curs va dirigit a comandaments i professionals que han de liderar equips amb l&#8217;objectiu d&#8217;oferir-los eines b\u00e0siques per a capacitar-los a l&#8217;hora d&#8217;intervenir en els conflictes que puguin apar\u00e8ixer en els seus equips.<\/p>\n","protected":false},"excerpt":{"rendered":"<p>El conflicte \u00e9s una constant en qualsevol \u00e0mbit de la vida humana, tamb\u00e9 en l&#8217;\u00e0mbit laboral. No gestionar-ho correctament suposa un elevat cost per a l&#8217;organitzaci\u00f3 i per a les persones implicades. Els comandaments, o l\u00edders d&#8217;equip, exerceixen un paper molt important com a mediadors en la gesti\u00f3 d&#8217;aquests conflictes. La seva funci\u00f3 \u00e9s fonamental [&hellip;]<\/p>\n","protected":false},"featured_media":3856,"template":"","meta":{"_acf_changed":false},"product_brand":[],"product_cat":[177],"product_tag":[],"class_list":{"0":"post-3859","1":"product","2":"type-product","3":"status-publish","4":"has-post-thumbnail","6":"product_cat-habilidades-de-liderazgo-en-prl-ca","8":"first","9":"instock","10":"shipping-taxable","11":"product-type-simple"},"acf":[],"_links":{"self":[{"href":"https:\/\/mcm-dev.host3ip.eu\/ca\/wp-json\/wp\/v2\/product\/3859","targetHints":{"allow":["GET"]}}],"collection":[{"href":"https:\/\/mcm-dev.host3ip.eu\/ca\/wp-json\/wp\/v2\/product"}],"about":[{"href":"https:\/\/mcm-dev.host3ip.eu\/ca\/wp-json\/wp\/v2\/types\/product"}],"wp:featuredmedia":[{"embeddable":true,"href":"https:\/\/mcm-dev.host3ip.eu\/ca\/wp-json\/wp\/v2\/media\/3856"}],"wp:attachment":[{"href":"https:\/\/mcm-dev.host3ip.eu\/ca\/wp-json\/wp\/v2\/media?parent=3859"}],"wp:term":[{"taxonomy":"product_brand","embeddable":true,"href":"https:\/\/mcm-dev.host3ip.eu\/ca\/wp-json\/wp\/v2\/product_brand?post=3859"},{"taxonomy":"product_cat","embeddable":true,"href":"https:\/\/mcm-dev.host3ip.eu\/ca\/wp-json\/wp\/v2\/product_cat?post=3859"},{"taxonomy":"product_tag","embeddable":true,"href":"https:\/\/mcm-dev.host3ip.eu\/ca\/wp-json\/wp\/v2\/product_tag?post=3859"}],"curies":[{"name":"wp","href":"https:\/\/api.w.org\/{rel}","templated":true}]}}