{"id":3892,"date":"2024-03-01T11:20:58","date_gmt":"2024-03-01T11:20:58","guid":{"rendered":"https:\/\/mcm-dev.host3ip.eu\/?post_type=product&#038;p=3892"},"modified":"2024-03-01T11:22:36","modified_gmt":"2024-03-01T11:22:36","slug":"alimentacion-saludable","status":"publish","type":"product","link":"https:\/\/mcm-dev.host3ip.eu\/ca\/product\/alimentacion-saludable\/","title":{"rendered":"Alimentaci\u00f3 saludable"},"content":{"rendered":"<p>Alimentar-nos de manera equilibrada resulta imprescindible per gaudir de bona salut. Adquirir bons h\u00e0bits alimentaris \u00e9s l&#8217;eina m\u00e9s potent per prevenir futures malalties i mantenir-nos sans.<\/p>\n<p>Una alimentaci\u00f3 deficient o una alimentaci\u00f3 mon\u00f2tona i repetitiva en la qual faltin nutrients per a l&#8217;organisme, poden donar lloc a l&#8217;aparici\u00f3 de s\u00edmptomes com ara: cansament excessiu, irritabilitat, manca de reflexos o manca d&#8217;inter\u00e8s per les coses, deshidrataci\u00f3, problemes intestinals, desgana, insomni o malestar general.<\/p>\n<p>En aquest curs explicarem els aliments imprescindibles per mantenir una bona salut i aquells que hem d&#8217;evitar o consumir de manera molt espor\u00e0dica. Aprendrem a equilibrar la dieta, sense restriccions, gaudint del cam\u00ed i assentant un dels pilars m\u00e9s importants de la salut.<\/p>\n","protected":false},"excerpt":{"rendered":"<p>Alimentar-nos de manera equilibrada resulta imprescindible per gaudir de bona salut. Adquirir bons h\u00e0bits alimentaris \u00e9s l&#8217;eina m\u00e9s potent per prevenir futures malalties i mantenir-nos sans. Una alimentaci\u00f3 deficient o una alimentaci\u00f3 mon\u00f2tona i repetitiva en la qual faltin nutrients per a l&#8217;organisme, poden donar lloc a l&#8217;aparici\u00f3 de s\u00edmptomes com ara: cansament excessiu, irritabilitat, [&hellip;]<\/p>\n","protected":false},"featured_media":3406,"template":"","meta":{"_acf_changed":false},"product_brand":[],"product_cat":[172],"product_tag":[],"class_list":{"0":"post-3892","1":"product","2":"type-product","3":"status-publish","4":"has-post-thumbnail","6":"product_cat-promocion-de-la-salud-ca","8":"first","9":"instock","10":"virtual","11":"sold-individually","12":"purchasable","13":"product-type-simple"},"acf":[],"_links":{"self":[{"href":"https:\/\/mcm-dev.host3ip.eu\/ca\/wp-json\/wp\/v2\/product\/3892","targetHints":{"allow":["GET"]}}],"collection":[{"href":"https:\/\/mcm-dev.host3ip.eu\/ca\/wp-json\/wp\/v2\/product"}],"about":[{"href":"https:\/\/mcm-dev.host3ip.eu\/ca\/wp-json\/wp\/v2\/types\/product"}],"wp:featuredmedia":[{"embeddable":true,"href":"https:\/\/mcm-dev.host3ip.eu\/ca\/wp-json\/wp\/v2\/media\/3406"}],"wp:attachment":[{"href":"https:\/\/mcm-dev.host3ip.eu\/ca\/wp-json\/wp\/v2\/media?parent=3892"}],"wp:term":[{"taxonomy":"product_brand","embeddable":true,"href":"https:\/\/mcm-dev.host3ip.eu\/ca\/wp-json\/wp\/v2\/product_brand?post=3892"},{"taxonomy":"product_cat","embeddable":true,"href":"https:\/\/mcm-dev.host3ip.eu\/ca\/wp-json\/wp\/v2\/product_cat?post=3892"},{"taxonomy":"product_tag","embeddable":true,"href":"https:\/\/mcm-dev.host3ip.eu\/ca\/wp-json\/wp\/v2\/product_tag?post=3892"}],"curies":[{"name":"wp","href":"https:\/\/api.w.org\/{rel}","templated":true}]}}