{"id":4111,"date":"2024-07-08T14:33:26","date_gmt":"2024-07-08T14:33:26","guid":{"rendered":"https:\/\/mcm-dev.host3ip.eu\/?post_type=product&#038;p=4111"},"modified":"2025-02-04T11:42:29","modified_gmt":"2025-02-04T11:42:29","slug":"prevencio-de-lesions-per-postures-de-treball","status":"publish","type":"product","link":"https:\/\/mcm-dev.host3ip.eu\/ca\/product\/prevencio-de-lesions-per-postures-de-treball\/","title":{"rendered":"Prevenci\u00f3 de lesions per postures de treball"},"content":{"rendered":"<p>Qualsevol postura mantinguda durant un temps prolongat \u00e9s un factor de risc per al desenvolupament de trastorns musculoesquel\u00e8tics.<\/p>\n<p>Aquest curs et servir\u00e0 per con\u00e8ixer el funcionament del sistema musculoesquel\u00e8tic, identificar les postures de treball i els factors de risc que s&#8217;associen al desenvolupament de trastorns musculoesquel\u00e8tics, i les mesures preventives a tenir en compte per evitar-los.<\/p>\n","protected":false},"excerpt":{"rendered":"<p>Qualsevol postura mantinguda durant un temps prolongat \u00e9s un factor de risc per al desenvolupament de trastorns musculoesquel\u00e8tics. Aquest curs et servir\u00e0 per con\u00e8ixer el funcionament del sistema musculoesquel\u00e8tic, identificar les postures de treball i els factors de risc que s&#8217;associen al desenvolupament de trastorns musculoesquel\u00e8tics, i les mesures preventives a tenir en compte per [&hellip;]<\/p>\n","protected":false},"featured_media":4314,"template":"","meta":{"_acf_changed":false},"product_brand":[],"product_cat":[163],"product_tag":[],"class_list":{"0":"post-4111","1":"product","2":"type-product","3":"status-publish","4":"has-post-thumbnail","6":"product_cat-ergonomia-ca","8":"first","9":"instock","10":"virtual","11":"sold-individually","12":"purchasable","13":"product-type-simple"},"acf":[],"_links":{"self":[{"href":"https:\/\/mcm-dev.host3ip.eu\/ca\/wp-json\/wp\/v2\/product\/4111","targetHints":{"allow":["GET"]}}],"collection":[{"href":"https:\/\/mcm-dev.host3ip.eu\/ca\/wp-json\/wp\/v2\/product"}],"about":[{"href":"https:\/\/mcm-dev.host3ip.eu\/ca\/wp-json\/wp\/v2\/types\/product"}],"wp:featuredmedia":[{"embeddable":true,"href":"https:\/\/mcm-dev.host3ip.eu\/ca\/wp-json\/wp\/v2\/media\/4314"}],"wp:attachment":[{"href":"https:\/\/mcm-dev.host3ip.eu\/ca\/wp-json\/wp\/v2\/media?parent=4111"}],"wp:term":[{"taxonomy":"product_brand","embeddable":true,"href":"https:\/\/mcm-dev.host3ip.eu\/ca\/wp-json\/wp\/v2\/product_brand?post=4111"},{"taxonomy":"product_cat","embeddable":true,"href":"https:\/\/mcm-dev.host3ip.eu\/ca\/wp-json\/wp\/v2\/product_cat?post=4111"},{"taxonomy":"product_tag","embeddable":true,"href":"https:\/\/mcm-dev.host3ip.eu\/ca\/wp-json\/wp\/v2\/product_tag?post=4111"}],"curies":[{"name":"wp","href":"https:\/\/api.w.org\/{rel}","templated":true}]}}