{"id":4112,"date":"2024-07-08T14:51:57","date_gmt":"2024-07-08T14:51:57","guid":{"rendered":"https:\/\/mcm-dev.host3ip.eu\/?post_type=product&#038;p=4112"},"modified":"2025-02-04T11:41:15","modified_gmt":"2025-02-04T11:41:15","slug":"benestar-emocional","status":"publish","type":"product","link":"https:\/\/mcm-dev.host3ip.eu\/ca\/product\/benestar-emocional\/","title":{"rendered":"Benestar emocional"},"content":{"rendered":"<p>Els trastorns de la salut mental, com la depressi\u00f3 i l&#8217;ansietat, s\u00f3n actualment una de les principals causes de malaltia al m\u00f3n. Una de les accions fonamentals per a la promoci\u00f3 de la salut mental a la feina \u00e9s la sensibilitzaci\u00f3 i la formaci\u00f3 als treballadors per lluitar contra l&#8217;estigma associat a la malaltia mental i per dotar de recursos els treballadors per a la millora del seu benestar emocional.<\/p>\n<p>Aquest curs t\u00e9 com a objectiu formar els alumnes sobre qu\u00e8 \u00e9s la salut mental, quins aspectes indiquen un problema de salut mental i com fer front a l&#8217;adversitat amb l&#8217;aprenentatge d&#8217;eines poderoses per comprendre, gestionar i potenciar la salut emocional.<\/p>\n","protected":false},"excerpt":{"rendered":"<p>Els trastorns de la salut mental, com la depressi\u00f3 i l&#8217;ansietat, s\u00f3n actualment una de les principals causes de malaltia al m\u00f3n. Una de les accions fonamentals per a la promoci\u00f3 de la salut mental a la feina \u00e9s la sensibilitzaci\u00f3 i la formaci\u00f3 als treballadors per lluitar contra l&#8217;estigma associat a la malaltia mental [&hellip;]<\/p>\n","protected":false},"featured_media":4310,"template":"","meta":{"_acf_changed":false},"product_brand":[],"product_cat":[172,169],"product_tag":[],"class_list":{"0":"post-4112","1":"product","2":"type-product","3":"status-publish","4":"has-post-thumbnail","6":"product_cat-promocion-de-la-salud-ca","7":"product_cat-psicosociologia-aplicada-ca","9":"first","10":"instock","11":"virtual","12":"sold-individually","13":"purchasable","14":"product-type-simple"},"acf":[],"_links":{"self":[{"href":"https:\/\/mcm-dev.host3ip.eu\/ca\/wp-json\/wp\/v2\/product\/4112","targetHints":{"allow":["GET"]}}],"collection":[{"href":"https:\/\/mcm-dev.host3ip.eu\/ca\/wp-json\/wp\/v2\/product"}],"about":[{"href":"https:\/\/mcm-dev.host3ip.eu\/ca\/wp-json\/wp\/v2\/types\/product"}],"wp:featuredmedia":[{"embeddable":true,"href":"https:\/\/mcm-dev.host3ip.eu\/ca\/wp-json\/wp\/v2\/media\/4310"}],"wp:attachment":[{"href":"https:\/\/mcm-dev.host3ip.eu\/ca\/wp-json\/wp\/v2\/media?parent=4112"}],"wp:term":[{"taxonomy":"product_brand","embeddable":true,"href":"https:\/\/mcm-dev.host3ip.eu\/ca\/wp-json\/wp\/v2\/product_brand?post=4112"},{"taxonomy":"product_cat","embeddable":true,"href":"https:\/\/mcm-dev.host3ip.eu\/ca\/wp-json\/wp\/v2\/product_cat?post=4112"},{"taxonomy":"product_tag","embeddable":true,"href":"https:\/\/mcm-dev.host3ip.eu\/ca\/wp-json\/wp\/v2\/product_tag?post=4112"}],"curies":[{"name":"wp","href":"https:\/\/api.w.org\/{rel}","templated":true}]}}