{"id":4121,"date":"2024-07-10T08:48:31","date_gmt":"2024-07-10T08:48:31","guid":{"rendered":"https:\/\/mcm-dev.host3ip.eu\/?post_type=product&#038;p=4121"},"modified":"2024-07-10T08:58:26","modified_gmt":"2024-07-10T08:58:26","slug":"mobilitzacio-dusuaris","status":"publish","type":"product","link":"https:\/\/mcm-dev.host3ip.eu\/ca\/product\/mobilitzacio-dusuaris\/","title":{"rendered":"Mobilitzaci\u00f3 d\u2019usuaris"},"content":{"rendered":"<p>En el sector sanitari i sociosanitari, gaireb\u00e9 la meitat dels problemes de salut relacionats amb la feina s\u00f3n deguts a sobreesfor\u00e7os i postures inadequades. <\/p>\n<p>Al llarg d&#8217;aquest curs, l&#8217;alumne aprendr\u00e0 els punts claus per a prevenir els trastorns musculoesquel\u00e8tics en les tasques de mobilitzaci\u00f3 d&#8217;usuaris.<\/p>\n<p>El curs de mobilitzaci\u00f3 d&#8217;usuaris \u00e9s una formaci\u00f3 en l\u00ednia, en format 360\u00ba. Aquesta formaci\u00f3, a m\u00e9s del contingut te\u00f2ric, inclou m\u00e9s de 35 v\u00eddeos on es mostren les diferents t\u00e8cniques, aix\u00ed com els principis biomec\u00e0nics de seguretat.<\/p>\n<p>Aquesta formaci\u00f3 no pret\u00e9n substituir una formaci\u00f3 pr\u00e0ctica i presencial, per\u00f2 s\u00ed que pot servir d\u2019eina de consulta o com a material complementari. <\/p>\n","protected":false},"excerpt":{"rendered":"<p>En el sector sanitari i sociosanitari, gaireb\u00e9 la meitat dels problemes de salut relacionats amb la feina s\u00f3n deguts a sobreesfor\u00e7os i postures inadequades. Al llarg d&#8217;aquest curs, l&#8217;alumne aprendr\u00e0 els punts claus per a prevenir els trastorns musculoesquel\u00e8tics en les tasques de mobilitzaci\u00f3 d&#8217;usuaris. El curs de mobilitzaci\u00f3 d&#8217;usuaris \u00e9s una formaci\u00f3 en l\u00ednia, [&hellip;]<\/p>\n","protected":false},"featured_media":3514,"template":"","meta":{"_acf_changed":false},"product_brand":[],"product_cat":[170],"product_tag":[],"class_list":{"0":"post-4121","1":"product","2":"type-product","3":"status-publish","4":"has-post-thumbnail","6":"product_cat-buenas-practicas-segun-actividad-ca","8":"first","9":"instock","10":"virtual","11":"sold-individually","12":"purchasable","13":"product-type-simple"},"acf":[],"_links":{"self":[{"href":"https:\/\/mcm-dev.host3ip.eu\/ca\/wp-json\/wp\/v2\/product\/4121","targetHints":{"allow":["GET"]}}],"collection":[{"href":"https:\/\/mcm-dev.host3ip.eu\/ca\/wp-json\/wp\/v2\/product"}],"about":[{"href":"https:\/\/mcm-dev.host3ip.eu\/ca\/wp-json\/wp\/v2\/types\/product"}],"wp:featuredmedia":[{"embeddable":true,"href":"https:\/\/mcm-dev.host3ip.eu\/ca\/wp-json\/wp\/v2\/media\/3514"}],"wp:attachment":[{"href":"https:\/\/mcm-dev.host3ip.eu\/ca\/wp-json\/wp\/v2\/media?parent=4121"}],"wp:term":[{"taxonomy":"product_brand","embeddable":true,"href":"https:\/\/mcm-dev.host3ip.eu\/ca\/wp-json\/wp\/v2\/product_brand?post=4121"},{"taxonomy":"product_cat","embeddable":true,"href":"https:\/\/mcm-dev.host3ip.eu\/ca\/wp-json\/wp\/v2\/product_cat?post=4121"},{"taxonomy":"product_tag","embeddable":true,"href":"https:\/\/mcm-dev.host3ip.eu\/ca\/wp-json\/wp\/v2\/product_tag?post=4121"}],"curies":[{"name":"wp","href":"https:\/\/api.w.org\/{rel}","templated":true}]}}